{"id":6091,"date":"2023-11-30T17:06:59","date_gmt":"2023-11-30T17:06:59","guid":{"rendered":"https:\/\/eltiosam.com.mx\/?post_type=product&#038;p=6091"},"modified":"2024-02-22T21:30:47","modified_gmt":"2024-02-22T21:30:47","slug":"parrilla-de-gas-whirlpool-36-akt950ixl","status":"publish","type":"product","link":"https:\/\/eltiosam.com.mx\/index.php\/product\/parrilla-de-gas-whirlpool-36-akt950ixl\/","title":{"rendered":"Parrilla de Gas Whirlpool 36&#8243; AKT950IXL"},"content":{"rendered":"<p>Descripci\u00f3n:<\/p>\n<p>La Parrilla de Gas Whirlpool 36&#8243; AKT950IXL combina estilo, rendimiento y durabilidad, siendo una adici\u00f3n impresionante a tu cocina. Con sus quemadores potentes y caracter\u00edsticas avanzadas, esta parrilla ofrece un rendimiento excepcional para tus necesidades de cocci\u00f3n.<\/p>\n","protected":false},"excerpt":{"rendered":"<p>Descripci\u00f3n: La Parrilla de Gas Whirlpool 36&#8243; AKT950IXL combina estilo, rendimiento y durabilidad, siendo una adici\u00f3n impresionante a tu cocina. Con sus quemadores potentes y caracter\u00edsticas avanzadas, esta parrilla ofrece un rendimiento excepcional para tus necesidades de cocci\u00f3n.<\/p>\n","protected":false},"featured_media":6095,"template":"","meta":{"_joinchat":[]},"product_brand":[],"product_cat":[190],"product_tag":[204],"class_list":{"0":"post-6091","1":"product","2":"type-product","3":"status-publish","4":"has-post-thumbnail","6":"product_cat-parrillas-de-gas","7":"product_tag-whirlpool","9":"first","10":"instock","11":"shipping-taxable","12":"product-type-simple"},"_links":{"self":[{"href":"https:\/\/eltiosam.com.mx\/index.php\/wp-json\/wp\/v2\/product\/6091","targetHints":{"allow":["GET"]}}],"collection":[{"href":"https:\/\/eltiosam.com.mx\/index.php\/wp-json\/wp\/v2\/product"}],"about":[{"href":"https:\/\/eltiosam.com.mx\/index.php\/wp-json\/wp\/v2\/types\/product"}],"wp:featuredmedia":[{"embeddable":true,"href":"https:\/\/eltiosam.com.mx\/index.php\/wp-json\/wp\/v2\/media\/6095"}],"wp:attachment":[{"href":"https:\/\/eltiosam.com.mx\/index.php\/wp-json\/wp\/v2\/media?parent=6091"}],"wp:term":[{"taxonomy":"product_brand","embeddable":true,"href":"https:\/\/eltiosam.com.mx\/index.php\/wp-json\/wp\/v2\/product_brand?post=6091"},{"taxonomy":"product_cat","embeddable":true,"href":"https:\/\/eltiosam.com.mx\/index.php\/wp-json\/wp\/v2\/product_cat?post=6091"},{"taxonomy":"product_tag","embeddable":true,"href":"https:\/\/eltiosam.com.mx\/index.php\/wp-json\/wp\/v2\/product_tag?post=6091"}],"curies":[{"name":"wp","href":"https:\/\/api.w.org\/{rel}","templated":true}]}}