{"id":6088,"date":"2023-11-30T17:03:59","date_gmt":"2023-11-30T17:03:59","guid":{"rendered":"https:\/\/eltiosam.com.mx\/?post_type=product&#038;p=6088"},"modified":"2024-02-22T21:46:11","modified_gmt":"2024-02-22T21:46:11","slug":"parrilla-electrica-15-w5ce1522fb-whirlpool","status":"publish","type":"product","link":"https:\/\/eltiosam.com.mx\/index.php\/product\/parrilla-electrica-15-w5ce1522fb-whirlpool\/","title":{"rendered":"Parrilla El\u00e9ctrica 15&#8243; W5CE1522FB Whirlpool"},"content":{"rendered":"<p>Descripci\u00f3n:<\/p>\n<p>La Parrilla El\u00e9ctrica Whirlpool W5CE1522FB ofrece un dise\u00f1o elegante y funcionalidad avanzada con controles f\u00e1ciles de usar y caracter\u00edsticas de seguridad adicionales. Su superficie de vitrocer\u00e1mica y la indicaci\u00f3n de calor residual hacen que cocinar sea una experiencia segura y conveniente.<\/p>\n","protected":false},"excerpt":{"rendered":"<p>Descripci\u00f3n: La Parrilla El\u00e9ctrica Whirlpool W5CE1522FB ofrece un dise\u00f1o elegante y funcionalidad avanzada con controles f\u00e1ciles de usar y caracter\u00edsticas de seguridad adicionales. Su superficie de vitrocer\u00e1mica y la indicaci\u00f3n de calor residual hacen que cocinar sea una experiencia segura y conveniente.<\/p>\n","protected":false},"featured_media":6090,"template":"","meta":{"_joinchat":[]},"product_brand":[],"product_cat":[29,46,192],"product_tag":[204],"class_list":{"0":"post-6088","1":"product","2":"type-product","3":"status-publish","4":"has-post-thumbnail","6":"product_cat-coccion","7":"product_cat-parrilla","8":"product_cat-parrillas-electricas","9":"product_tag-whirlpool","11":"first","12":"instock","13":"shipping-taxable","14":"product-type-simple"},"_links":{"self":[{"href":"https:\/\/eltiosam.com.mx\/index.php\/wp-json\/wp\/v2\/product\/6088","targetHints":{"allow":["GET"]}}],"collection":[{"href":"https:\/\/eltiosam.com.mx\/index.php\/wp-json\/wp\/v2\/product"}],"about":[{"href":"https:\/\/eltiosam.com.mx\/index.php\/wp-json\/wp\/v2\/types\/product"}],"wp:featuredmedia":[{"embeddable":true,"href":"https:\/\/eltiosam.com.mx\/index.php\/wp-json\/wp\/v2\/media\/6090"}],"wp:attachment":[{"href":"https:\/\/eltiosam.com.mx\/index.php\/wp-json\/wp\/v2\/media?parent=6088"}],"wp:term":[{"taxonomy":"product_brand","embeddable":true,"href":"https:\/\/eltiosam.com.mx\/index.php\/wp-json\/wp\/v2\/product_brand?post=6088"},{"taxonomy":"product_cat","embeddable":true,"href":"https:\/\/eltiosam.com.mx\/index.php\/wp-json\/wp\/v2\/product_cat?post=6088"},{"taxonomy":"product_tag","embeddable":true,"href":"https:\/\/eltiosam.com.mx\/index.php\/wp-json\/wp\/v2\/product_tag?post=6088"}],"curies":[{"name":"wp","href":"https:\/\/api.w.org\/{rel}","templated":true}]}}