{"id":6079,"date":"2023-11-30T16:56:41","date_gmt":"2023-11-30T16:56:41","guid":{"rendered":"https:\/\/eltiosam.com.mx\/?post_type=product&#038;p=6079"},"modified":"2024-02-12T21:10:13","modified_gmt":"2024-02-12T21:10:13","slug":"horno-electrico-60cm-whirlpool-woe120s","status":"publish","type":"product","link":"https:\/\/eltiosam.com.mx\/index.php\/product\/horno-electrico-60cm-whirlpool-woe120s\/","title":{"rendered":"Horno El\u00e9ctrico 60cm Whirlpool WOE120S"},"content":{"rendered":"<p><strong>Descripci\u00f3n:<\/strong><\/p>\n<p>Con el Horno El\u00e9ctrico Whirlpool WOE120S, disfrutar\u00e1s de un dise\u00f1o elegante, funciones avanzadas y la versatilidad necesaria para cocinar con comodidad y precisi\u00f3n.<\/p>\n","protected":false},"excerpt":{"rendered":"<p>Descripci\u00f3n: Con el Horno El\u00e9ctrico Whirlpool WOE120S, disfrutar\u00e1s de un dise\u00f1o elegante, funciones avanzadas y la versatilidad necesaria para cocinar con comodidad y precisi\u00f3n.<\/p>\n","protected":false},"featured_media":6080,"template":"","meta":{"_joinchat":[]},"product_brand":[],"product_cat":[178],"product_tag":[204],"class_list":{"0":"post-6079","1":"product","2":"type-product","3":"status-publish","4":"has-post-thumbnail","6":"product_cat-hornos-electricos","7":"product_tag-whirlpool","9":"first","10":"instock","11":"shipping-taxable","12":"product-type-simple"},"_links":{"self":[{"href":"https:\/\/eltiosam.com.mx\/index.php\/wp-json\/wp\/v2\/product\/6079","targetHints":{"allow":["GET"]}}],"collection":[{"href":"https:\/\/eltiosam.com.mx\/index.php\/wp-json\/wp\/v2\/product"}],"about":[{"href":"https:\/\/eltiosam.com.mx\/index.php\/wp-json\/wp\/v2\/types\/product"}],"wp:featuredmedia":[{"embeddable":true,"href":"https:\/\/eltiosam.com.mx\/index.php\/wp-json\/wp\/v2\/media\/6080"}],"wp:attachment":[{"href":"https:\/\/eltiosam.com.mx\/index.php\/wp-json\/wp\/v2\/media?parent=6079"}],"wp:term":[{"taxonomy":"product_brand","embeddable":true,"href":"https:\/\/eltiosam.com.mx\/index.php\/wp-json\/wp\/v2\/product_brand?post=6079"},{"taxonomy":"product_cat","embeddable":true,"href":"https:\/\/eltiosam.com.mx\/index.php\/wp-json\/wp\/v2\/product_cat?post=6079"},{"taxonomy":"product_tag","embeddable":true,"href":"https:\/\/eltiosam.com.mx\/index.php\/wp-json\/wp\/v2\/product_tag?post=6079"}],"curies":[{"name":"wp","href":"https:\/\/api.w.org\/{rel}","templated":true}]}}