{"id":6069,"date":"2023-11-30T16:46:54","date_gmt":"2023-11-30T16:46:54","guid":{"rendered":"https:\/\/eltiosam.com.mx\/?post_type=product&#038;p=6069"},"modified":"2024-02-12T17:24:57","modified_gmt":"2024-02-12T17:24:57","slug":"horno-de-gas-30-whirlpool-woa300s","status":"publish","type":"product","link":"https:\/\/eltiosam.com.mx\/index.php\/product\/horno-de-gas-30-whirlpool-woa300s\/","title":{"rendered":"Horno de Gas 30&#8243; Whirlpool WOA300S"},"content":{"rendered":"<p><strong>Descripci\u00f3n:<\/strong><\/p>\n<p>Horno empotrable 30\u201d de Gas con Gas LP convertible a Gas Natural, dise\u00f1o empotrable con capacidad de 75 lts. Cuenta con cubierta de Acero Inoxidable y superficie Antifingerprint que le da ese look extraordinario a tu cocina, transformando cada espacio, tambi\u00e9n cuenta con iluminaci\u00f3n hal\u00f3gena, funci\u00f3n de convecci\u00f3n, grill el\u00e9ctrico de 127 V, 2 parrillas\/estantes y puerta transparente de doble vidrio. Adem\u00e1s de control \/ mandos con 3 perillas, encendido el\u00e9ctrico 127 V, timer mec\u00e1nico.<\/p>\n","protected":false},"excerpt":{"rendered":"<p>Descripci\u00f3n: Horno empotrable 30\u201d de Gas con Gas LP convertible a Gas Natural, dise\u00f1o empotrable con capacidad de 75 lts. Cuenta con cubierta de Acero Inoxidable y superficie Antifingerprint que le da ese look extraordinario a tu cocina, transformando cada espacio, tambi\u00e9n cuenta con iluminaci\u00f3n hal\u00f3gena, funci\u00f3n de convecci\u00f3n, grill el\u00e9ctrico de 127 V, 2 [&hellip;]<\/p>\n","protected":false},"featured_media":6073,"template":"","meta":{"_joinchat":[]},"product_brand":[],"product_cat":[176],"product_tag":[204],"class_list":{"0":"post-6069","1":"product","2":"type-product","3":"status-publish","4":"has-post-thumbnail","6":"product_cat-hornos-de-gas","7":"product_tag-whirlpool","9":"first","10":"instock","11":"shipping-taxable","12":"product-type-simple"},"_links":{"self":[{"href":"https:\/\/eltiosam.com.mx\/index.php\/wp-json\/wp\/v2\/product\/6069","targetHints":{"allow":["GET"]}}],"collection":[{"href":"https:\/\/eltiosam.com.mx\/index.php\/wp-json\/wp\/v2\/product"}],"about":[{"href":"https:\/\/eltiosam.com.mx\/index.php\/wp-json\/wp\/v2\/types\/product"}],"wp:featuredmedia":[{"embeddable":true,"href":"https:\/\/eltiosam.com.mx\/index.php\/wp-json\/wp\/v2\/media\/6073"}],"wp:attachment":[{"href":"https:\/\/eltiosam.com.mx\/index.php\/wp-json\/wp\/v2\/media?parent=6069"}],"wp:term":[{"taxonomy":"product_brand","embeddable":true,"href":"https:\/\/eltiosam.com.mx\/index.php\/wp-json\/wp\/v2\/product_brand?post=6069"},{"taxonomy":"product_cat","embeddable":true,"href":"https:\/\/eltiosam.com.mx\/index.php\/wp-json\/wp\/v2\/product_cat?post=6069"},{"taxonomy":"product_tag","embeddable":true,"href":"https:\/\/eltiosam.com.mx\/index.php\/wp-json\/wp\/v2\/product_tag?post=6069"}],"curies":[{"name":"wp","href":"https:\/\/api.w.org\/{rel}","templated":true}]}}