{"id":6055,"date":"2023-11-30T16:40:40","date_gmt":"2023-11-30T16:40:40","guid":{"rendered":"https:\/\/eltiosam.com.mx\/?post_type=product&#038;p=6055"},"modified":"2024-02-12T20:35:51","modified_gmt":"2024-02-12T20:35:51","slug":"horno-de-microondas-whirlpool-wm1711d","status":"publish","type":"product","link":"https:\/\/eltiosam.com.mx\/index.php\/product\/horno-de-microondas-whirlpool-wm1711d\/","title":{"rendered":"Horno de microondas Whirlpool Wm1711d"},"content":{"rendered":"<p><strong>Descripci\u00f3n:<\/strong><br \/>\nEl Horno de Microondas Whirlpool WM1711D no solo ofrece un dise\u00f1o elegante con su puerta negra y trim de acero, sino que tambi\u00e9n proporciona diversas funciones para satisfacer tus necesidades culinarias. Con su capacidad, opciones de cocina y funciones predeterminadas, es una adici\u00f3n pr\u00e1ctica y estilizada a tu cocina empotrable.<\/p>\n","protected":false},"excerpt":{"rendered":"<p>Descripci\u00f3n: El Horno de Microondas Whirlpool WM1711D no solo ofrece un dise\u00f1o elegante con su puerta negra y trim de acero, sino que tambi\u00e9n proporciona diversas funciones para satisfacer tus necesidades culinarias. Con su capacidad, opciones de cocina y funciones predeterminadas, es una adici\u00f3n pr\u00e1ctica y estilizada a tu cocina empotrable.<\/p>\n","protected":false},"featured_media":6059,"template":"","meta":{"_joinchat":[]},"product_brand":[],"product_cat":[184],"product_tag":[204],"class_list":{"0":"post-6055","1":"product","2":"type-product","3":"status-publish","4":"has-post-thumbnail","6":"product_cat-microondas","7":"product_tag-whirlpool","9":"first","10":"instock","11":"shipping-taxable","12":"product-type-simple"},"_links":{"self":[{"href":"https:\/\/eltiosam.com.mx\/index.php\/wp-json\/wp\/v2\/product\/6055","targetHints":{"allow":["GET"]}}],"collection":[{"href":"https:\/\/eltiosam.com.mx\/index.php\/wp-json\/wp\/v2\/product"}],"about":[{"href":"https:\/\/eltiosam.com.mx\/index.php\/wp-json\/wp\/v2\/types\/product"}],"wp:featuredmedia":[{"embeddable":true,"href":"https:\/\/eltiosam.com.mx\/index.php\/wp-json\/wp\/v2\/media\/6059"}],"wp:attachment":[{"href":"https:\/\/eltiosam.com.mx\/index.php\/wp-json\/wp\/v2\/media?parent=6055"}],"wp:term":[{"taxonomy":"product_brand","embeddable":true,"href":"https:\/\/eltiosam.com.mx\/index.php\/wp-json\/wp\/v2\/product_brand?post=6055"},{"taxonomy":"product_cat","embeddable":true,"href":"https:\/\/eltiosam.com.mx\/index.php\/wp-json\/wp\/v2\/product_cat?post=6055"},{"taxonomy":"product_tag","embeddable":true,"href":"https:\/\/eltiosam.com.mx\/index.php\/wp-json\/wp\/v2\/product_tag?post=6055"}],"curies":[{"name":"wp","href":"https:\/\/api.w.org\/{rel}","templated":true}]}}