{"id":6050,"date":"2023-11-30T16:36:12","date_gmt":"2023-11-30T16:36:12","guid":{"rendered":"https:\/\/eltiosam.com.mx\/?post_type=product&#038;p=6050"},"modified":"2024-02-12T19:57:13","modified_gmt":"2024-02-12T19:57:13","slug":"horno-de-microondas-1-1p3-whirlpool-wm1811d","status":"publish","type":"product","link":"https:\/\/eltiosam.com.mx\/index.php\/product\/horno-de-microondas-1-1p3-whirlpool-wm1811d\/","title":{"rendered":"Horno de microondas 1.1p3 Whirlpool WM1811D"},"content":{"rendered":"<p><strong>Descripci\u00f3n:<\/strong><br \/>\nEl Horno de Microondas Whirlpool WM1811D ofrece una variedad de funciones y caracter\u00edsticas para hacer la preparaci\u00f3n de alimentos r\u00e1pida y conveniente. El Horno de Microondas Whirlpool WM1811D es un electrodom\u00e9stico vers\u00e1til y eficiente con un dise\u00f1o elegante y funciones avanzadas que facilitan la preparaci\u00f3n de alimentos. Con su capacidad adecuada y variedad de programas, es una adici\u00f3n pr\u00e1ctica a la cocina.<\/p>\n","protected":false},"excerpt":{"rendered":"<p>Descripci\u00f3n: El Horno de Microondas Whirlpool WM1811D ofrece una variedad de funciones y caracter\u00edsticas para hacer la preparaci\u00f3n de alimentos r\u00e1pida y conveniente. El Horno de Microondas Whirlpool WM1811D es un electrodom\u00e9stico vers\u00e1til y eficiente con un dise\u00f1o elegante y funciones avanzadas que facilitan la preparaci\u00f3n de alimentos. Con su capacidad adecuada y variedad de [&hellip;]<\/p>\n","protected":false},"featured_media":6054,"template":"","meta":{"_joinchat":[]},"product_brand":[],"product_cat":[184],"product_tag":[204],"class_list":{"0":"post-6050","1":"product","2":"type-product","3":"status-publish","4":"has-post-thumbnail","6":"product_cat-microondas","7":"product_tag-whirlpool","9":"first","10":"instock","11":"shipping-taxable","12":"product-type-simple"},"_links":{"self":[{"href":"https:\/\/eltiosam.com.mx\/index.php\/wp-json\/wp\/v2\/product\/6050","targetHints":{"allow":["GET"]}}],"collection":[{"href":"https:\/\/eltiosam.com.mx\/index.php\/wp-json\/wp\/v2\/product"}],"about":[{"href":"https:\/\/eltiosam.com.mx\/index.php\/wp-json\/wp\/v2\/types\/product"}],"wp:featuredmedia":[{"embeddable":true,"href":"https:\/\/eltiosam.com.mx\/index.php\/wp-json\/wp\/v2\/media\/6054"}],"wp:attachment":[{"href":"https:\/\/eltiosam.com.mx\/index.php\/wp-json\/wp\/v2\/media?parent=6050"}],"wp:term":[{"taxonomy":"product_brand","embeddable":true,"href":"https:\/\/eltiosam.com.mx\/index.php\/wp-json\/wp\/v2\/product_brand?post=6050"},{"taxonomy":"product_cat","embeddable":true,"href":"https:\/\/eltiosam.com.mx\/index.php\/wp-json\/wp\/v2\/product_cat?post=6050"},{"taxonomy":"product_tag","embeddable":true,"href":"https:\/\/eltiosam.com.mx\/index.php\/wp-json\/wp\/v2\/product_tag?post=6050"}],"curies":[{"name":"wp","href":"https:\/\/api.w.org\/{rel}","templated":true}]}}