{"id":6046,"date":"2023-11-30T16:33:16","date_gmt":"2023-11-30T16:33:16","guid":{"rendered":"https:\/\/eltiosam.com.mx\/?post_type=product&#038;p=6046"},"modified":"2024-02-05T20:22:52","modified_gmt":"2024-02-05T20:22:52","slug":"campana-de-pared-whirlpool-wh6010s-de-acero-inoxidable","status":"publish","type":"product","link":"https:\/\/eltiosam.com.mx\/index.php\/product\/campana-de-pared-whirlpool-wh6010s-de-acero-inoxidable\/","title":{"rendered":"Campana de pared Whirlpool WH6010S de acero inoxidable"},"content":{"rendered":"<p>La Campana de Pared Whirlpool WH6010S no solo ofrece un rendimiento eficiente sino que tambi\u00e9n agrega un toque de estilo a tu cocina. Con sus funciones ajustables y dise\u00f1o moderno, es una elecci\u00f3n vers\u00e1til para mantener tu cocina fresca y bien iluminada.<\/p>\n","protected":false},"excerpt":{"rendered":"<p>La Campana de Pared Whirlpool WH6010S no solo ofrece un rendimiento eficiente sino que tambi\u00e9n agrega un toque de estilo a tu cocina. Con sus funciones ajustables y dise\u00f1o moderno, es una elecci\u00f3n vers\u00e1til para mantener tu cocina fresca y bien iluminada.<\/p>\n","protected":false},"featured_media":6047,"template":"","meta":{"_joinchat":[]},"product_brand":[],"product_cat":[45,29],"product_tag":[204],"class_list":{"0":"post-6046","1":"product","2":"type-product","3":"status-publish","4":"has-post-thumbnail","6":"product_cat-campanas","7":"product_cat-coccion","8":"product_tag-whirlpool","10":"first","11":"instock","12":"shipping-taxable","13":"product-type-simple"},"_links":{"self":[{"href":"https:\/\/eltiosam.com.mx\/index.php\/wp-json\/wp\/v2\/product\/6046","targetHints":{"allow":["GET"]}}],"collection":[{"href":"https:\/\/eltiosam.com.mx\/index.php\/wp-json\/wp\/v2\/product"}],"about":[{"href":"https:\/\/eltiosam.com.mx\/index.php\/wp-json\/wp\/v2\/types\/product"}],"wp:featuredmedia":[{"embeddable":true,"href":"https:\/\/eltiosam.com.mx\/index.php\/wp-json\/wp\/v2\/media\/6047"}],"wp:attachment":[{"href":"https:\/\/eltiosam.com.mx\/index.php\/wp-json\/wp\/v2\/media?parent=6046"}],"wp:term":[{"taxonomy":"product_brand","embeddable":true,"href":"https:\/\/eltiosam.com.mx\/index.php\/wp-json\/wp\/v2\/product_brand?post=6046"},{"taxonomy":"product_cat","embeddable":true,"href":"https:\/\/eltiosam.com.mx\/index.php\/wp-json\/wp\/v2\/product_cat?post=6046"},{"taxonomy":"product_tag","embeddable":true,"href":"https:\/\/eltiosam.com.mx\/index.php\/wp-json\/wp\/v2\/product_tag?post=6046"}],"curies":[{"name":"wp","href":"https:\/\/api.w.org\/{rel}","templated":true}]}}