{"id":6033,"date":"2023-11-30T16:24:36","date_gmt":"2023-11-30T16:24:36","guid":{"rendered":"https:\/\/eltiosam.com.mx\/?post_type=product&#038;p=6033"},"modified":"2024-02-05T20:25:32","modified_gmt":"2024-02-05T20:25:32","slug":"campana-de-pared-whirlpool-whw9910s-de-acero-inoxidable","status":"publish","type":"product","link":"https:\/\/eltiosam.com.mx\/index.php\/product\/campana-de-pared-whirlpool-whw9910s-de-acero-inoxidable\/","title":{"rendered":"Campana de pared Whirlpool WHW9910S de acero inoxidable"},"content":{"rendered":"<p>La campana WHW9910S es una opci\u00f3n vers\u00e1til que ofrece potencia de extracci\u00f3n, iluminaci\u00f3n LED, y filtros de alta durabilidad para mantener la frescura y limpieza del aire en tu cocina. Adem\u00e1s, su dise\u00f1o con cristal templado plano le brinda un toque est\u00e9tico moderno.<\/p>\n","protected":false},"excerpt":{"rendered":"<p>La campana WHW9910S es una opci\u00f3n vers\u00e1til que ofrece potencia de extracci\u00f3n, iluminaci\u00f3n LED, y filtros de alta durabilidad para mantener la frescura y limpieza del aire en tu cocina. Adem\u00e1s, su dise\u00f1o con cristal templado plano le brinda un toque est\u00e9tico moderno.<\/p>\n","protected":false},"featured_media":6036,"template":"","meta":{"_joinchat":[]},"product_brand":[],"product_cat":[45,29],"product_tag":[204],"class_list":{"0":"post-6033","1":"product","2":"type-product","3":"status-publish","4":"has-post-thumbnail","6":"product_cat-campanas","7":"product_cat-coccion","8":"product_tag-whirlpool","10":"first","11":"instock","12":"shipping-taxable","13":"product-type-simple"},"_links":{"self":[{"href":"https:\/\/eltiosam.com.mx\/index.php\/wp-json\/wp\/v2\/product\/6033","targetHints":{"allow":["GET"]}}],"collection":[{"href":"https:\/\/eltiosam.com.mx\/index.php\/wp-json\/wp\/v2\/product"}],"about":[{"href":"https:\/\/eltiosam.com.mx\/index.php\/wp-json\/wp\/v2\/types\/product"}],"wp:featuredmedia":[{"embeddable":true,"href":"https:\/\/eltiosam.com.mx\/index.php\/wp-json\/wp\/v2\/media\/6036"}],"wp:attachment":[{"href":"https:\/\/eltiosam.com.mx\/index.php\/wp-json\/wp\/v2\/media?parent=6033"}],"wp:term":[{"taxonomy":"product_brand","embeddable":true,"href":"https:\/\/eltiosam.com.mx\/index.php\/wp-json\/wp\/v2\/product_brand?post=6033"},{"taxonomy":"product_cat","embeddable":true,"href":"https:\/\/eltiosam.com.mx\/index.php\/wp-json\/wp\/v2\/product_cat?post=6033"},{"taxonomy":"product_tag","embeddable":true,"href":"https:\/\/eltiosam.com.mx\/index.php\/wp-json\/wp\/v2\/product_tag?post=6033"}],"curies":[{"name":"wp","href":"https:\/\/api.w.org\/{rel}","templated":true}]}}