{"id":6005,"date":"2023-11-30T16:05:56","date_gmt":"2023-11-30T16:05:56","guid":{"rendered":"https:\/\/eltiosam.com.mx\/?post_type=product&#038;p=6005"},"modified":"2024-02-27T21:46:52","modified_gmt":"2024-02-27T21:46:52","slug":"whirlpool-w11042467-stainless-steel-cleaner-aerosol","status":"publish","type":"product","link":"https:\/\/eltiosam.com.mx\/index.php\/product\/whirlpool-w11042467-stainless-steel-cleaner-aerosol\/","title":{"rendered":"Whirlpool W11042467 Stainless Steel Cleaner Aerosol"},"content":{"rendered":"<p><strong>Descripci\u00f3n:<\/strong><\/p>\n<p>El Aerosol de limpieza para acero inoxidable Affresh\u00ae de Whirlpool est\u00e1 formulado para limpiar cuidadosamente huellas dactilares, manchas y otros residuos de superficies de acero inoxidable, como refrigeradores, campanas de cocina, estufas, lavavajillas y hornos microondas. Este aerosol deja un brillo sin rayas y es especialmente dise\u00f1ado para adherirse al lugar donde se roc\u00eda, con un m\u00ednimo chorreo para una f\u00e1cil limpieza, manteniendo tus electrodom\u00e9sticos como nuevos. Se recomienda su uso de forma semanal.<\/p>\n","protected":false},"excerpt":{"rendered":"<p>Descripci\u00f3n: El Aerosol de limpieza para acero inoxidable Affresh\u00ae de Whirlpool est\u00e1 formulado para limpiar cuidadosamente huellas dactilares, manchas y otros residuos de superficies de acero inoxidable, como refrigeradores, campanas de cocina, estufas, lavavajillas y hornos microondas. Este aerosol deja un brillo sin rayas y es especialmente dise\u00f1ado para adherirse al lugar donde se roc\u00eda, [&hellip;]<\/p>\n","protected":false},"featured_media":6008,"template":"","meta":{"_joinchat":[]},"product_brand":[],"product_cat":[214],"product_tag":[204],"class_list":{"0":"post-6005","1":"product","2":"type-product","3":"status-publish","4":"has-post-thumbnail","6":"product_cat-filtros","7":"product_tag-whirlpool","9":"first","10":"instock","11":"shipping-taxable","12":"product-type-simple"},"_links":{"self":[{"href":"https:\/\/eltiosam.com.mx\/index.php\/wp-json\/wp\/v2\/product\/6005","targetHints":{"allow":["GET"]}}],"collection":[{"href":"https:\/\/eltiosam.com.mx\/index.php\/wp-json\/wp\/v2\/product"}],"about":[{"href":"https:\/\/eltiosam.com.mx\/index.php\/wp-json\/wp\/v2\/types\/product"}],"wp:featuredmedia":[{"embeddable":true,"href":"https:\/\/eltiosam.com.mx\/index.php\/wp-json\/wp\/v2\/media\/6008"}],"wp:attachment":[{"href":"https:\/\/eltiosam.com.mx\/index.php\/wp-json\/wp\/v2\/media?parent=6005"}],"wp:term":[{"taxonomy":"product_brand","embeddable":true,"href":"https:\/\/eltiosam.com.mx\/index.php\/wp-json\/wp\/v2\/product_brand?post=6005"},{"taxonomy":"product_cat","embeddable":true,"href":"https:\/\/eltiosam.com.mx\/index.php\/wp-json\/wp\/v2\/product_cat?post=6005"},{"taxonomy":"product_tag","embeddable":true,"href":"https:\/\/eltiosam.com.mx\/index.php\/wp-json\/wp\/v2\/product_tag?post=6005"}],"curies":[{"name":"wp","href":"https:\/\/api.w.org\/{rel}","templated":true}]}}