{"id":5994,"date":"2023-11-30T15:57:43","date_gmt":"2023-11-30T15:57:43","guid":{"rendered":"https:\/\/eltiosam.com.mx\/?post_type=product&#038;p=5994"},"modified":"2024-02-27T21:43:12","modified_gmt":"2024-02-27T21:43:12","slug":"whirlpool-w10790814-filtro-2-con-certificacion-nsf","status":"publish","type":"product","link":"https:\/\/eltiosam.com.mx\/index.php\/product\/whirlpool-w10790814-filtro-2-con-certificacion-nsf\/","title":{"rendered":"Whirlpool W10790814 Filtro 2 con Certificaci\u00f3n NSF"},"content":{"rendered":"<p><strong>Descripci\u00f3n:<\/strong><\/p>\n<ul>\n<li>Reduce 24 contaminantes, incluyendo sabor y olor a cloro.<\/li>\n<li>Reducci\u00f3n de farmac\u00e9uticos, pesticidas, par\u00e1sitos transmitidos por el agua, plomo, asbesto y productos qu\u00edmicos industriales.<\/li>\n<li>Certificaci\u00f3n NSF (Certificaci\u00f3n que ayuda a proteger al medio ambiente, los alimentos, el agua y los productos de consumo y de las ciencias de la salud del mundo).<\/li>\n<li>Purifica hasta 200 galones de agua (757 litros).<\/li>\n<li>Reemplazo recomendado cada 6 meses.<\/li>\n<\/ul>\n","protected":false},"excerpt":{"rendered":"<p>Descripci\u00f3n: Reduce 24 contaminantes, incluyendo sabor y olor a cloro. Reducci\u00f3n de farmac\u00e9uticos, pesticidas, par\u00e1sitos transmitidos por el agua, plomo, asbesto y productos qu\u00edmicos industriales. Certificaci\u00f3n NSF (Certificaci\u00f3n que ayuda a proteger al medio ambiente, los alimentos, el agua y los productos de consumo y de las ciencias de la salud del mundo). Purifica hasta [&hellip;]<\/p>\n","protected":false},"featured_media":5996,"template":"","meta":{"_joinchat":[]},"product_brand":[],"product_cat":[214],"product_tag":[204],"class_list":{"0":"post-5994","1":"product","2":"type-product","3":"status-publish","4":"has-post-thumbnail","6":"product_cat-filtros","7":"product_tag-whirlpool","9":"first","10":"instock","11":"shipping-taxable","12":"product-type-simple"},"_links":{"self":[{"href":"https:\/\/eltiosam.com.mx\/index.php\/wp-json\/wp\/v2\/product\/5994","targetHints":{"allow":["GET"]}}],"collection":[{"href":"https:\/\/eltiosam.com.mx\/index.php\/wp-json\/wp\/v2\/product"}],"about":[{"href":"https:\/\/eltiosam.com.mx\/index.php\/wp-json\/wp\/v2\/types\/product"}],"wp:featuredmedia":[{"embeddable":true,"href":"https:\/\/eltiosam.com.mx\/index.php\/wp-json\/wp\/v2\/media\/5996"}],"wp:attachment":[{"href":"https:\/\/eltiosam.com.mx\/index.php\/wp-json\/wp\/v2\/media?parent=5994"}],"wp:term":[{"taxonomy":"product_brand","embeddable":true,"href":"https:\/\/eltiosam.com.mx\/index.php\/wp-json\/wp\/v2\/product_brand?post=5994"},{"taxonomy":"product_cat","embeddable":true,"href":"https:\/\/eltiosam.com.mx\/index.php\/wp-json\/wp\/v2\/product_cat?post=5994"},{"taxonomy":"product_tag","embeddable":true,"href":"https:\/\/eltiosam.com.mx\/index.php\/wp-json\/wp\/v2\/product_tag?post=5994"}],"curies":[{"name":"wp","href":"https:\/\/api.w.org\/{rel}","templated":true}]}}