{"id":5990,"date":"2023-11-30T15:55:38","date_gmt":"2023-11-30T15:55:38","guid":{"rendered":"https:\/\/eltiosam.com.mx\/?post_type=product&#038;p=5990"},"modified":"2024-02-09T20:53:49","modified_gmt":"2024-02-09T20:53:49","slug":"filtro-3-everydrop-w10790816-whirlpool","status":"publish","type":"product","link":"https:\/\/eltiosam.com.mx\/index.php\/product\/filtro-3-everydrop-w10790816-whirlpool\/","title":{"rendered":"Filtro 3 Everydrop &#8211; W10790816 WHIRLPOOL"},"content":{"rendered":"<p><strong>Descripci\u00f3n:\u00a0<\/strong><br \/>\nFiltro 3 Everydrop W10790816 Filtro de agua de reemplazo para refrigerador Par\u00e1metros de funcionamiento Tasa de flujo: 1.9 litros por minuto (0.5 GPM) Capacidad 757 litros (200 galones) Este es un filtro de reducci\u00f3n qu\u00edmica y mec\u00e1nica Instrucciones de instalaci\u00f3n 1. Localice el filtro de agua en la parrilla inferior frontal. 2. Remueva el filtro manteniendo presionado el bot\u00f3n de expulsi\u00f3n mientras extrae el filtro. 3. Remueva la tapa de parrilla del filtro viejo gir\u00e1ndola en sentido contrario a las agujas del reloj, hasta que se detenga y desl\u00edcela fuera del filtro. 4. Remueva la tapa roja del filtro nuevo. 5. Coloque la tapa de parrilla al nuevo filtro, alineando la marca indicadora de la tapa con la echa en el filtro y gire la tapa en sentido de las agujas del reloj hasta que se detenga. 6. Sostenga el filtro de manera que la echa est\u00e9 orientada hacia arriba e inserte el nuevo filtro la cavidad de la parrilla inferior. 7. Deje pasar a trav\u00e9s del dispensador 11.3 litros de agua o hasta que el agua se vuelva transparente. Caracteristicas Reduce 66 Contaminantes Certificaci\u00f3n NSF ( Certificaci\u00f3n que ayuda a proteger al medio ambiente, los alimentos, el agua, los productos de consumo y de las ciencias de salud del mundo ). Reduce el sabor y olor a Cloro Reducci\u00f3n de farmac\u00e9uticos, pesticidas, par\u00e1sitos transmitidas por el agua, plomo, asbesto y productos qu\u00edmicos industriales Purifica hasta 200 Galones de Agua (757 Litros) Reemplazo cada 6 meses Para Refrigeradores marca Whirlpool, Maytag y KitchenAid Reemplaza a Modelo 4396541 y 4396510<\/p>\n","protected":false},"excerpt":{"rendered":"<p>Descripci\u00f3n:\u00a0 Filtro 3 Everydrop W10790816 Filtro de agua de reemplazo para refrigerador Par\u00e1metros de funcionamiento Tasa de flujo: 1.9 litros por minuto (0.5 GPM) Capacidad 757 litros (200 galones) Este es un filtro de reducci\u00f3n qu\u00edmica y mec\u00e1nica Instrucciones de instalaci\u00f3n 1. Localice el filtro de agua en la parrilla inferior frontal. 2. Remueva el [&hellip;]<\/p>\n","protected":false},"featured_media":5993,"template":"","meta":{"_joinchat":[]},"product_brand":[],"product_cat":[214],"product_tag":[204],"class_list":{"0":"post-5990","1":"product","2":"type-product","3":"status-publish","4":"has-post-thumbnail","6":"product_cat-filtros","7":"product_tag-whirlpool","9":"first","10":"instock","11":"shipping-taxable","12":"product-type-simple"},"_links":{"self":[{"href":"https:\/\/eltiosam.com.mx\/index.php\/wp-json\/wp\/v2\/product\/5990","targetHints":{"allow":["GET"]}}],"collection":[{"href":"https:\/\/eltiosam.com.mx\/index.php\/wp-json\/wp\/v2\/product"}],"about":[{"href":"https:\/\/eltiosam.com.mx\/index.php\/wp-json\/wp\/v2\/types\/product"}],"wp:featuredmedia":[{"embeddable":true,"href":"https:\/\/eltiosam.com.mx\/index.php\/wp-json\/wp\/v2\/media\/5993"}],"wp:attachment":[{"href":"https:\/\/eltiosam.com.mx\/index.php\/wp-json\/wp\/v2\/media?parent=5990"}],"wp:term":[{"taxonomy":"product_brand","embeddable":true,"href":"https:\/\/eltiosam.com.mx\/index.php\/wp-json\/wp\/v2\/product_brand?post=5990"},{"taxonomy":"product_cat","embeddable":true,"href":"https:\/\/eltiosam.com.mx\/index.php\/wp-json\/wp\/v2\/product_cat?post=5990"},{"taxonomy":"product_tag","embeddable":true,"href":"https:\/\/eltiosam.com.mx\/index.php\/wp-json\/wp\/v2\/product_tag?post=5990"}],"curies":[{"name":"wp","href":"https:\/\/api.w.org\/{rel}","templated":true}]}}