{"id":5949,"date":"2023-11-29T23:31:13","date_gmt":"2023-11-29T23:31:13","guid":{"rendered":"https:\/\/eltiosam.com.mx\/?post_type=product&#038;p=5949"},"modified":"2024-02-07T20:52:07","modified_gmt":"2024-02-07T20:52:07","slug":"congelador-midea-295-l-blanco-mfcd11p2nabw","status":"publish","type":"product","link":"https:\/\/eltiosam.com.mx\/index.php\/product\/congelador-midea-295-l-blanco-mfcd11p2nabw\/","title":{"rendered":"Congelador Midea (295 L) Blanco MFCD11P2NABW"},"content":{"rendered":"<p><strong>Descripci\u00f3n:<\/strong> Este congelador Midea proporciona una soluci\u00f3n vers\u00e1til para tus necesidades de almacenamiento en fr\u00edo. Con su capacidad de 295 litros, puedes refrigerar, mantener o congelar alimentos seg\u00fan sea necesario. La jaladera con llave integrada garantiza la seguridad de tus alimentos, y la iluminaci\u00f3n LED facilita encontrar lo que necesitas en cualquier momento.<\/p>\n<p>El dise\u00f1o moderno y la garant\u00eda extendida hacen de este congelador una elecci\u00f3n confiable y pr\u00e1ctica para mantener tus alimentos frescos y congelados. Adem\u00e1s, el ahorro de energ\u00eda XTREME SAVE contribuye a una eficiencia energ\u00e9tica mejorada.<\/p>\n","protected":false},"excerpt":{"rendered":"<p>Descripci\u00f3n: Este congelador Midea proporciona una soluci\u00f3n vers\u00e1til para tus necesidades de almacenamiento en fr\u00edo. Con su capacidad de 295 litros, puedes refrigerar, mantener o congelar alimentos seg\u00fan sea necesario. La jaladera con llave integrada garantiza la seguridad de tus alimentos, y la iluminaci\u00f3n LED facilita encontrar lo que necesitas en cualquier momento. El dise\u00f1o [&hellip;]<\/p>\n","protected":false},"featured_media":5952,"template":"","meta":{"_joinchat":[]},"product_brand":[],"product_cat":[52,20],"product_tag":[212],"class_list":{"0":"post-5949","1":"product","2":"type-product","3":"status-publish","4":"has-post-thumbnail","6":"product_cat-congeladores","7":"product_cat-refrigeracion","8":"product_tag-midea","10":"first","11":"instock","12":"shipping-taxable","13":"product-type-simple"},"_links":{"self":[{"href":"https:\/\/eltiosam.com.mx\/index.php\/wp-json\/wp\/v2\/product\/5949","targetHints":{"allow":["GET"]}}],"collection":[{"href":"https:\/\/eltiosam.com.mx\/index.php\/wp-json\/wp\/v2\/product"}],"about":[{"href":"https:\/\/eltiosam.com.mx\/index.php\/wp-json\/wp\/v2\/types\/product"}],"wp:featuredmedia":[{"embeddable":true,"href":"https:\/\/eltiosam.com.mx\/index.php\/wp-json\/wp\/v2\/media\/5952"}],"wp:attachment":[{"href":"https:\/\/eltiosam.com.mx\/index.php\/wp-json\/wp\/v2\/media?parent=5949"}],"wp:term":[{"taxonomy":"product_brand","embeddable":true,"href":"https:\/\/eltiosam.com.mx\/index.php\/wp-json\/wp\/v2\/product_brand?post=5949"},{"taxonomy":"product_cat","embeddable":true,"href":"https:\/\/eltiosam.com.mx\/index.php\/wp-json\/wp\/v2\/product_cat?post=5949"},{"taxonomy":"product_tag","embeddable":true,"href":"https:\/\/eltiosam.com.mx\/index.php\/wp-json\/wp\/v2\/product_tag?post=5949"}],"curies":[{"name":"wp","href":"https:\/\/api.w.org\/{rel}","templated":true}]}}