{"id":5946,"date":"2023-11-29T23:28:16","date_gmt":"2023-11-29T23:28:16","guid":{"rendered":"https:\/\/eltiosam.com.mx\/?post_type=product&#038;p=5946"},"modified":"2024-02-24T19:16:10","modified_gmt":"2024-02-24T19:16:10","slug":"refrigerador-congelador-horizontal-midea-de-9-pies-modelo-mfcd09p2nabw","status":"publish","type":"product","link":"https:\/\/eltiosam.com.mx\/index.php\/product\/refrigerador-congelador-horizontal-midea-de-9-pies-modelo-mfcd09p2nabw\/","title":{"rendered":"Refrigerador Congelador Horizontal Midea de 9 Pies, Modelo MFCD09P2NABW"},"content":{"rendered":"<h3>Descripci\u00f3n:<\/h3>\n<pre>Cuento con doble funci\u00f3n para refrigerar, mantener o congelar en mis 9 pies c\u00fabicos, tus alimentos estar\u00e1n protegidos ya que mi jaladera cuenta con llave integrada.\r\nMi luz led y canastilla te permitir\u00e1n encontrar f\u00e1cilmente cualquiera de tus alimentos. Adem\u00e1s, tengo 5 a\u00f1os de garant\u00eda en compresor y 1 en el resto de mis componentes.<\/pre>\n","protected":false},"excerpt":{"rendered":"<p>Descripci\u00f3n: Cuento con doble funci\u00f3n para refrigerar, mantener o congelar en mis 9 pies c\u00fabicos, tus alimentos estar\u00e1n protegidos ya que mi jaladera cuenta con llave integrada. Mi luz led y canastilla te permitir\u00e1n encontrar f\u00e1cilmente cualquiera de tus alimentos. Adem\u00e1s, tengo 5 a\u00f1os de garant\u00eda en compresor y 1 en el resto de mis [&hellip;]<\/p>\n","protected":false},"featured_media":5945,"template":"","meta":{"_joinchat":[]},"product_brand":[],"product_cat":[52,20],"product_tag":[212],"class_list":{"0":"post-5946","1":"product","2":"type-product","3":"status-publish","4":"has-post-thumbnail","6":"product_cat-congeladores","7":"product_cat-refrigeracion","8":"product_tag-midea","10":"first","11":"instock","12":"shipping-taxable","13":"product-type-simple"},"_links":{"self":[{"href":"https:\/\/eltiosam.com.mx\/index.php\/wp-json\/wp\/v2\/product\/5946","targetHints":{"allow":["GET"]}}],"collection":[{"href":"https:\/\/eltiosam.com.mx\/index.php\/wp-json\/wp\/v2\/product"}],"about":[{"href":"https:\/\/eltiosam.com.mx\/index.php\/wp-json\/wp\/v2\/types\/product"}],"wp:featuredmedia":[{"embeddable":true,"href":"https:\/\/eltiosam.com.mx\/index.php\/wp-json\/wp\/v2\/media\/5945"}],"wp:attachment":[{"href":"https:\/\/eltiosam.com.mx\/index.php\/wp-json\/wp\/v2\/media?parent=5946"}],"wp:term":[{"taxonomy":"product_brand","embeddable":true,"href":"https:\/\/eltiosam.com.mx\/index.php\/wp-json\/wp\/v2\/product_brand?post=5946"},{"taxonomy":"product_cat","embeddable":true,"href":"https:\/\/eltiosam.com.mx\/index.php\/wp-json\/wp\/v2\/product_cat?post=5946"},{"taxonomy":"product_tag","embeddable":true,"href":"https:\/\/eltiosam.com.mx\/index.php\/wp-json\/wp\/v2\/product_tag?post=5946"}],"curies":[{"name":"wp","href":"https:\/\/api.w.org\/{rel}","templated":true}]}}