{"id":5930,"date":"2023-11-29T23:06:52","date_gmt":"2023-11-29T23:06:52","guid":{"rendered":"https:\/\/eltiosam.com.mx\/?post_type=product&#038;p=5930"},"modified":"2024-02-12T20:26:01","modified_gmt":"2024-02-12T20:26:01","slug":"horno-de-microondas-midea-mmdx11s2mg-1-1-pies-cubicos-blanco","status":"publish","type":"product","link":"https:\/\/eltiosam.com.mx\/index.php\/product\/horno-de-microondas-midea-mmdx11s2mg-1-1-pies-cubicos-blanco\/","title":{"rendered":"Horno de Microondas Midea MMDX11S2MG 1.1 Pies C\u00fabicos Blanco"},"content":{"rendered":"<p><strong>Descripci\u00f3n:<\/strong><br \/>\nEste horno de microondas Midea ofrece una capacidad de 1.1 pies c\u00fabicos y cuenta con varias caracter\u00edsticas para hacer m\u00e1s f\u00e1cil y eficiente el proceso de cocinar y descongelar alimentos. Con su dise\u00f1o funcional y opciones modernas, se convierte en un gran aliado en tu cocina.<\/p>\n","protected":false},"excerpt":{"rendered":"<p>Descripci\u00f3n: Este horno de microondas Midea ofrece una capacidad de 1.1 pies c\u00fabicos y cuenta con varias caracter\u00edsticas para hacer m\u00e1s f\u00e1cil y eficiente el proceso de cocinar y descongelar alimentos. Con su dise\u00f1o funcional y opciones modernas, se convierte en un gran aliado en tu cocina.<\/p>\n","protected":false},"featured_media":5934,"template":"","meta":{"_joinchat":[]},"product_brand":[],"product_cat":[184],"product_tag":[212],"class_list":{"0":"post-5930","1":"product","2":"type-product","3":"status-publish","4":"has-post-thumbnail","6":"product_cat-microondas","7":"product_tag-midea","9":"first","10":"instock","11":"shipping-taxable","12":"product-type-simple"},"_links":{"self":[{"href":"https:\/\/eltiosam.com.mx\/index.php\/wp-json\/wp\/v2\/product\/5930","targetHints":{"allow":["GET"]}}],"collection":[{"href":"https:\/\/eltiosam.com.mx\/index.php\/wp-json\/wp\/v2\/product"}],"about":[{"href":"https:\/\/eltiosam.com.mx\/index.php\/wp-json\/wp\/v2\/types\/product"}],"wp:featuredmedia":[{"embeddable":true,"href":"https:\/\/eltiosam.com.mx\/index.php\/wp-json\/wp\/v2\/media\/5934"}],"wp:attachment":[{"href":"https:\/\/eltiosam.com.mx\/index.php\/wp-json\/wp\/v2\/media?parent=5930"}],"wp:term":[{"taxonomy":"product_brand","embeddable":true,"href":"https:\/\/eltiosam.com.mx\/index.php\/wp-json\/wp\/v2\/product_brand?post=5930"},{"taxonomy":"product_cat","embeddable":true,"href":"https:\/\/eltiosam.com.mx\/index.php\/wp-json\/wp\/v2\/product_cat?post=5930"},{"taxonomy":"product_tag","embeddable":true,"href":"https:\/\/eltiosam.com.mx\/index.php\/wp-json\/wp\/v2\/product_tag?post=5930"}],"curies":[{"name":"wp","href":"https:\/\/api.w.org\/{rel}","templated":true}]}}