{"id":5911,"date":"2023-11-29T22:45:55","date_gmt":"2023-11-29T22:45:55","guid":{"rendered":"https:\/\/eltiosam.com.mx\/?post_type=product&#038;p=5911"},"modified":"2024-02-24T18:32:01","modified_gmt":"2024-02-24T18:32:01","slug":"previous-next-despachador-de-agua-midea-mwd1n0w","status":"publish","type":"product","link":"https:\/\/eltiosam.com.mx\/index.php\/product\/previous-next-despachador-de-agua-midea-mwd1n0w\/","title":{"rendered":"Previous Next Despachador de Agua Midea MWD1N0W"},"content":{"rendered":"<p><b>Descripci\u00f3n:<\/b><\/p>\n<ul>\n<li>Despachador de agua free standing \/ al piso de carga superior<\/li>\n<li>Gabinete de 20 L en la parte inferior<\/li>\n<li>1 llave con 3 temperaturas: Fr\u00eda, Templada y Caliente<\/li>\n<li>Luz indicadora de: Encendido, Agua Caliente y Agua Fr\u00eda<\/li>\n<li>Compresor de enfriamiento de alta potencia<\/li>\n<li>Agua fr\u00eda de 25\u2103 a 10\u2103 en 25-30 mins<\/li>\n<li>Agua caliente \u226585\u2103, 2.0 L por hora<\/li>\n<li>Bloqueo para ni\u00f1os para el agua caliente<\/li>\n<li>Doble elemento de seguridad para prevenir sobrecalentamiento<\/li>\n<li>Tanque de agua de acero inoxidable<\/li>\n<\/ul>\n","protected":false},"excerpt":{"rendered":"<p>Descripci\u00f3n: Despachador de agua free standing \/ al piso de carga superior Gabinete de 20 L en la parte inferior 1 llave con 3 temperaturas: Fr\u00eda, Templada y Caliente Luz indicadora de: Encendido, Agua Caliente y Agua Fr\u00eda Compresor de enfriamiento de alta potencia Agua fr\u00eda de 25\u2103 a 10\u2103 en 25-30 mins Agua caliente [&hellip;]<\/p>\n","protected":false},"featured_media":5913,"template":"","meta":{"_joinchat":[]},"product_brand":[],"product_cat":[169],"product_tag":[212],"class_list":{"0":"post-5911","1":"product","2":"type-product","3":"status-publish","4":"has-post-thumbnail","6":"product_cat-despachadores-de-agua","7":"product_tag-midea","9":"first","10":"instock","11":"shipping-taxable","12":"product-type-simple"},"_links":{"self":[{"href":"https:\/\/eltiosam.com.mx\/index.php\/wp-json\/wp\/v2\/product\/5911","targetHints":{"allow":["GET"]}}],"collection":[{"href":"https:\/\/eltiosam.com.mx\/index.php\/wp-json\/wp\/v2\/product"}],"about":[{"href":"https:\/\/eltiosam.com.mx\/index.php\/wp-json\/wp\/v2\/types\/product"}],"wp:featuredmedia":[{"embeddable":true,"href":"https:\/\/eltiosam.com.mx\/index.php\/wp-json\/wp\/v2\/media\/5913"}],"wp:attachment":[{"href":"https:\/\/eltiosam.com.mx\/index.php\/wp-json\/wp\/v2\/media?parent=5911"}],"wp:term":[{"taxonomy":"product_brand","embeddable":true,"href":"https:\/\/eltiosam.com.mx\/index.php\/wp-json\/wp\/v2\/product_brand?post=5911"},{"taxonomy":"product_cat","embeddable":true,"href":"https:\/\/eltiosam.com.mx\/index.php\/wp-json\/wp\/v2\/product_cat?post=5911"},{"taxonomy":"product_tag","embeddable":true,"href":"https:\/\/eltiosam.com.mx\/index.php\/wp-json\/wp\/v2\/product_tag?post=5911"}],"curies":[{"name":"wp","href":"https:\/\/api.w.org\/{rel}","templated":true}]}}