{"id":5882,"date":"2023-11-29T22:15:35","date_gmt":"2023-11-29T22:15:35","guid":{"rendered":"https:\/\/eltiosam.com.mx\/?post_type=product&#038;p=5882"},"modified":"2024-02-09T23:22:12","modified_gmt":"2024-02-09T23:22:12","slug":"frigobar-midea-mdrt87ccdls-gris-110v","status":"publish","type":"product","link":"https:\/\/eltiosam.com.mx\/index.php\/product\/frigobar-midea-mdrt87ccdls-gris-110v\/","title":{"rendered":"Frigobar Midea Mdrt87ccdls &#8211; Gris 110v"},"content":{"rendered":"<div class=\"flex-1 overflow-hidden\">\n<div class=\"react-scroll-to-bottom--css-quado-79elbk h-full\">\n<div class=\"react-scroll-to-bottom--css-quado-1n7m0yu\">\n<div class=\"flex flex-col pb-9 text-sm\">\n<div class=\"w-full text-token-text-primary\" data-testid=\"conversation-turn-139\">\n<div class=\"px-4 py-2 justify-center text-base md:gap-6 m-auto\">\n<div class=\"flex flex-1 text-base mx-auto gap-3 md:px-5 lg:px-1 xl:px-5 md:max-w-3xl lg:max-w-[40rem] xl:max-w-[48rem] group final-completion\">\n<div class=\"relative flex w-full flex-col lg:w-[calc(100%-115px)] agent-turn\">\n<div class=\"flex-col gap-1 md:gap-3\">\n<div class=\"flex flex-grow flex-col max-w-full\">\n<div class=\"min-h-[20px] text-message flex flex-col items-start gap-3 whitespace-pre-wrap break-words [.text-message+&amp;]:mt-5 overflow-x-auto\" data-message-author-role=\"assistant\" data-message-id=\"d281db0f-c9ff-4314-b5d2-1bc61806c12a\">\n<div class=\"markdown prose w-full break-words dark:prose-invert light\">\n<p><strong>Descripci\u00f3n:<\/strong><\/p>\n<p>Este frigobar Midea destaca por su dise\u00f1o top freezer minimalista, su capacidad de 88 L y su tama\u00f1o compacto que lo hace ideal para diferentes espacios. Cuenta con iluminaci\u00f3n LED, control de temperatura manual, sistema de deshielo, y ofrece 5 a\u00f1os de garant\u00eda en el compresor y 1 a\u00f1o de garant\u00eda total.<\/p>\n<\/div>\n<\/div>\n<\/div>\n<\/div>\n<\/div>\n<\/div>\n<\/div>\n<\/div>\n<\/div>\n<\/div>\n<\/div>\n<\/div>\n","protected":false},"excerpt":{"rendered":"<p>Descripci\u00f3n: Este frigobar Midea destaca por su dise\u00f1o top freezer minimalista, su capacidad de 88 L y su tama\u00f1o compacto que lo hace ideal para diferentes espacios. Cuenta con iluminaci\u00f3n LED, control de temperatura manual, sistema de deshielo, y ofrece 5 a\u00f1os de garant\u00eda en el compresor y 1 a\u00f1o de garant\u00eda total.<\/p>\n","protected":false},"featured_media":5883,"template":"","meta":{"_joinchat":[]},"product_brand":[],"product_cat":[165,173],"product_tag":[212],"class_list":{"0":"post-5882","1":"product","2":"type-product","3":"status-publish","4":"has-post-thumbnail","6":"product_cat-enfriadores-de-bebidas-frigobares","7":"product_cat-frigobares","8":"product_tag-midea","10":"first","11":"instock","12":"shipping-taxable","13":"product-type-simple"},"_links":{"self":[{"href":"https:\/\/eltiosam.com.mx\/index.php\/wp-json\/wp\/v2\/product\/5882","targetHints":{"allow":["GET"]}}],"collection":[{"href":"https:\/\/eltiosam.com.mx\/index.php\/wp-json\/wp\/v2\/product"}],"about":[{"href":"https:\/\/eltiosam.com.mx\/index.php\/wp-json\/wp\/v2\/types\/product"}],"wp:featuredmedia":[{"embeddable":true,"href":"https:\/\/eltiosam.com.mx\/index.php\/wp-json\/wp\/v2\/media\/5883"}],"wp:attachment":[{"href":"https:\/\/eltiosam.com.mx\/index.php\/wp-json\/wp\/v2\/media?parent=5882"}],"wp:term":[{"taxonomy":"product_brand","embeddable":true,"href":"https:\/\/eltiosam.com.mx\/index.php\/wp-json\/wp\/v2\/product_brand?post=5882"},{"taxonomy":"product_cat","embeddable":true,"href":"https:\/\/eltiosam.com.mx\/index.php\/wp-json\/wp\/v2\/product_cat?post=5882"},{"taxonomy":"product_tag","embeddable":true,"href":"https:\/\/eltiosam.com.mx\/index.php\/wp-json\/wp\/v2\/product_tag?post=5882"}],"curies":[{"name":"wp","href":"https:\/\/api.w.org\/{rel}","templated":true}]}}