{"id":5879,"date":"2023-11-29T22:11:04","date_gmt":"2023-11-29T22:11:04","guid":{"rendered":"https:\/\/eltiosam.com.mx\/?post_type=product&#038;p=5879"},"modified":"2024-02-26T05:02:22","modified_gmt":"2024-02-26T05:02:22","slug":"secadora-electrica-maytag-28-kg-carga-frontal-7mmed7230lc","status":"publish","type":"product","link":"https:\/\/eltiosam.com.mx\/index.php\/product\/secadora-electrica-maytag-28-kg-carga-frontal-7mmed7230lc\/","title":{"rendered":"Secadora el\u00e9ctrica Maytag 28 kg carga frontal \u2013 7MMED7230LC"},"content":{"rendered":"<p><strong>Descripci\u00f3n:<\/strong><\/p>\n<p>La secadora Maytag 7MMED7230LC ofrece una gran capacidad de secado, ideal para manejar cargas grandes de ropa. Su funci\u00f3n Extra Power proporciona un impulso adicional de potencia para un secado m\u00e1s eficiente. Con conectividad Wi-fi, control digital y una variedad de ciclos de secado, esta secadora es una opci\u00f3n conveniente y vers\u00e1til para tu hogar.<\/p>\n<p>Ten en cuenta que estas especificaciones y caracter\u00edsticas pueden estar sujetas a actualizaciones o cambios, por lo que siempre es recomendable verificar la informaci\u00f3n m\u00e1s reciente al momento de realizar una compra.<\/p>\n","protected":false},"excerpt":{"rendered":"<p>Descripci\u00f3n: La secadora Maytag 7MMED7230LC ofrece una gran capacidad de secado, ideal para manejar cargas grandes de ropa. Su funci\u00f3n Extra Power proporciona un impulso adicional de potencia para un secado m\u00e1s eficiente. Con conectividad Wi-fi, control digital y una variedad de ciclos de secado, esta secadora es una opci\u00f3n conveniente y vers\u00e1til para tu [&hellip;]<\/p>\n","protected":false},"featured_media":5881,"template":"","meta":{"_joinchat":[]},"product_brand":[],"product_cat":[198],"product_tag":[205],"class_list":{"0":"post-5879","1":"product","2":"type-product","3":"status-publish","4":"has-post-thumbnail","6":"product_cat-secadoras","7":"product_tag-maytag","9":"first","10":"instock","11":"shipping-taxable","12":"product-type-simple"},"_links":{"self":[{"href":"https:\/\/eltiosam.com.mx\/index.php\/wp-json\/wp\/v2\/product\/5879","targetHints":{"allow":["GET"]}}],"collection":[{"href":"https:\/\/eltiosam.com.mx\/index.php\/wp-json\/wp\/v2\/product"}],"about":[{"href":"https:\/\/eltiosam.com.mx\/index.php\/wp-json\/wp\/v2\/types\/product"}],"wp:featuredmedia":[{"embeddable":true,"href":"https:\/\/eltiosam.com.mx\/index.php\/wp-json\/wp\/v2\/media\/5881"}],"wp:attachment":[{"href":"https:\/\/eltiosam.com.mx\/index.php\/wp-json\/wp\/v2\/media?parent=5879"}],"wp:term":[{"taxonomy":"product_brand","embeddable":true,"href":"https:\/\/eltiosam.com.mx\/index.php\/wp-json\/wp\/v2\/product_brand?post=5879"},{"taxonomy":"product_cat","embeddable":true,"href":"https:\/\/eltiosam.com.mx\/index.php\/wp-json\/wp\/v2\/product_cat?post=5879"},{"taxonomy":"product_tag","embeddable":true,"href":"https:\/\/eltiosam.com.mx\/index.php\/wp-json\/wp\/v2\/product_tag?post=5879"}],"curies":[{"name":"wp","href":"https:\/\/api.w.org\/{rel}","templated":true}]}}