{"id":5875,"date":"2023-11-29T22:07:35","date_gmt":"2023-11-29T22:07:35","guid":{"rendered":"https:\/\/eltiosam.com.mx\/?post_type=product&#038;p=5875"},"modified":"2026-03-17T23:03:42","modified_gmt":"2026-03-17T23:03:42","slug":"secadora-carga-superior-gas-maytag-28kg-extra-power-conectada-7mmgd7230lc","status":"publish","type":"product","link":"https:\/\/eltiosam.com.mx\/index.php\/product\/secadora-carga-superior-gas-maytag-28kg-extra-power-conectada-7mmgd7230lc\/","title":{"rendered":"Secadora Carga Superior Gas Maytag 28kg Extra Power Conectada 7MMGD7230LC"},"content":{"rendered":"<p>Descripci\u00f3n:<\/p>\n<p>Esta secadora Maytag ofrece un potente rendimiento de secado, con caracter\u00edsticas como Extra Power y conectividad Wi-Fi para una experiencia de secado m\u00e1s conveniente y personalizada. Adem\u00e1s, cuenta con la garant\u00eda Maytag para mayor confianza en su durabilidad.<\/p>\n<p><syndigo-powerpage pageid=\"5332099\"><\/syndigo-powerpage><\/p>\n","protected":false},"excerpt":{"rendered":"<p>Descripci\u00f3n: Esta secadora Maytag ofrece un potente rendimiento de secado, con caracter\u00edsticas como Extra Power y conectividad Wi-Fi para una experiencia de secado m\u00e1s conveniente y personalizada. Adem\u00e1s, cuenta con la garant\u00eda Maytag para mayor confianza en su durabilidad.<\/p>\n","protected":false},"featured_media":5876,"template":"","meta":{"_joinchat":[]},"product_brand":[],"product_cat":[198],"product_tag":[205],"class_list":{"0":"post-5875","1":"product","2":"type-product","3":"status-publish","4":"has-post-thumbnail","6":"product_cat-secadoras","7":"product_tag-maytag","9":"first","10":"instock","11":"shipping-taxable","12":"product-type-simple"},"_links":{"self":[{"href":"https:\/\/eltiosam.com.mx\/index.php\/wp-json\/wp\/v2\/product\/5875","targetHints":{"allow":["GET"]}}],"collection":[{"href":"https:\/\/eltiosam.com.mx\/index.php\/wp-json\/wp\/v2\/product"}],"about":[{"href":"https:\/\/eltiosam.com.mx\/index.php\/wp-json\/wp\/v2\/types\/product"}],"wp:featuredmedia":[{"embeddable":true,"href":"https:\/\/eltiosam.com.mx\/index.php\/wp-json\/wp\/v2\/media\/5876"}],"wp:attachment":[{"href":"https:\/\/eltiosam.com.mx\/index.php\/wp-json\/wp\/v2\/media?parent=5875"}],"wp:term":[{"taxonomy":"product_brand","embeddable":true,"href":"https:\/\/eltiosam.com.mx\/index.php\/wp-json\/wp\/v2\/product_brand?post=5875"},{"taxonomy":"product_cat","embeddable":true,"href":"https:\/\/eltiosam.com.mx\/index.php\/wp-json\/wp\/v2\/product_cat?post=5875"},{"taxonomy":"product_tag","embeddable":true,"href":"https:\/\/eltiosam.com.mx\/index.php\/wp-json\/wp\/v2\/product_tag?post=5875"}],"curies":[{"name":"wp","href":"https:\/\/api.w.org\/{rel}","templated":true}]}}