{"id":5872,"date":"2023-11-29T22:02:46","date_gmt":"2023-11-29T22:02:46","guid":{"rendered":"https:\/\/eltiosam.com.mx\/?post_type=product&#038;p=5872"},"modified":"2024-01-31T22:52:27","modified_gmt":"2024-01-31T22:52:27","slug":"base-para-lavadora-maytag-xhpc155xw","status":"publish","type":"product","link":"https:\/\/eltiosam.com.mx\/index.php\/product\/base-para-lavadora-maytag-xhpc155xw\/","title":{"rendered":"Base para lavadora Maytag \u2013 XHPC155XW"},"content":{"rendered":"<p><strong>Descripci\u00f3n del Producto<\/strong><\/p>\n<ul>\n<li>La base para lavadora Maytag modelo XHPC155XW es un pedestal de 15.5 pulgadas dise\u00f1ado para lavadoras y secadoras de carga frontal.<\/li>\n<li>Proporciona una altura adicional para facilitar la carga y descarga de la lavadora y secadora, minimizando la necesidad de agacharse.<\/li>\n<li>Incluye un caj\u00f3n para almacenar suministros de lavander\u00eda, como detergentes y suavizantes.<\/li>\n<li>Cuenta con un asa de cromo para un agarre c\u00f3modo y f\u00e1cil apertura del caj\u00f3n.<\/li>\n<\/ul>\n<p><strong>Caracter\u00edsticas Adicionales<\/strong><\/p>\n<ul>\n<li>El dise\u00f1o y construcci\u00f3n del pedestal est\u00e1n pensados para dar m\u00e1s prominencia a la potencia de limpieza de las lavadoras Maytag.<\/li>\n<li>El caj\u00f3n del pedestal es lo suficientemente amplio para almacenar incluso botellas grandes de detergentes y cajas<\/li>\n<\/ul>\n","protected":false},"excerpt":{"rendered":"<p>Descripci\u00f3n del Producto La base para lavadora Maytag modelo XHPC155XW es un pedestal de 15.5 pulgadas dise\u00f1ado para lavadoras y secadoras de carga frontal. Proporciona una altura adicional para facilitar la carga y descarga de la lavadora y secadora, minimizando la necesidad de agacharse. Incluye un caj\u00f3n para almacenar suministros de lavander\u00eda, como detergentes y [&hellip;]<\/p>\n","protected":false},"featured_media":5874,"template":"","meta":{"_joinchat":[]},"product_brand":[],"product_cat":[225],"product_tag":[205],"class_list":{"0":"post-5872","1":"product","2":"type-product","3":"status-publish","4":"has-post-thumbnail","6":"product_cat-bases","7":"product_tag-maytag","9":"first","10":"instock","11":"shipping-taxable","12":"product-type-simple"},"_links":{"self":[{"href":"https:\/\/eltiosam.com.mx\/index.php\/wp-json\/wp\/v2\/product\/5872","targetHints":{"allow":["GET"]}}],"collection":[{"href":"https:\/\/eltiosam.com.mx\/index.php\/wp-json\/wp\/v2\/product"}],"about":[{"href":"https:\/\/eltiosam.com.mx\/index.php\/wp-json\/wp\/v2\/types\/product"}],"wp:featuredmedia":[{"embeddable":true,"href":"https:\/\/eltiosam.com.mx\/index.php\/wp-json\/wp\/v2\/media\/5874"}],"wp:attachment":[{"href":"https:\/\/eltiosam.com.mx\/index.php\/wp-json\/wp\/v2\/media?parent=5872"}],"wp:term":[{"taxonomy":"product_brand","embeddable":true,"href":"https:\/\/eltiosam.com.mx\/index.php\/wp-json\/wp\/v2\/product_brand?post=5872"},{"taxonomy":"product_cat","embeddable":true,"href":"https:\/\/eltiosam.com.mx\/index.php\/wp-json\/wp\/v2\/product_cat?post=5872"},{"taxonomy":"product_tag","embeddable":true,"href":"https:\/\/eltiosam.com.mx\/index.php\/wp-json\/wp\/v2\/product_tag?post=5872"}],"curies":[{"name":"wp","href":"https:\/\/api.w.org\/{rel}","templated":true}]}}