{"id":5824,"date":"2023-11-29T21:22:01","date_gmt":"2023-11-29T21:22:01","guid":{"rendered":"https:\/\/eltiosam.com.mx\/?post_type=product&#038;p=5824"},"modified":"2024-02-14T01:14:37","modified_gmt":"2024-02-14T01:14:37","slug":"lavadora-automatica-25-kg-mabe-lmp75201wdab0","status":"publish","type":"product","link":"https:\/\/eltiosam.com.mx\/index.php\/product\/lavadora-automatica-25-kg-mabe-lmp75201wdab0\/","title":{"rendered":"Lavadora Autom\u00e1tica 25 kg Mabe &#8211; LMP75201WDAB0"},"content":{"rendered":"<p><strong>Descripci\u00f3n:<\/strong><\/p>\n<p>La lavadora autom\u00e1tica Mabe LMP75201WDAB0 ofrece un rendimiento avanzado y caracter\u00edsticas convenientes. Esta lavadora Mabe combina capacidad, eficiencia y conectividad para proporcionar un lavado avanzado y conveniente para tus necesidades dom\u00e9sticas.<\/p>\n","protected":false},"excerpt":{"rendered":"<p>Descripci\u00f3n: La lavadora autom\u00e1tica Mabe LMP75201WDAB0 ofrece un rendimiento avanzado y caracter\u00edsticas convenientes. Esta lavadora Mabe combina capacidad, eficiencia y conectividad para proporcionar un lavado avanzado y conveniente para tus necesidades dom\u00e9sticas.<\/p>\n","protected":false},"featured_media":5825,"template":"","meta":{"_joinchat":[]},"product_brand":[],"product_cat":[179],"product_tag":[21],"class_list":{"0":"post-5824","1":"product","2":"type-product","3":"status-publish","4":"has-post-thumbnail","6":"product_cat-lavadoras","7":"product_tag-mabe","9":"first","10":"instock","11":"shipping-taxable","12":"product-type-simple"},"_links":{"self":[{"href":"https:\/\/eltiosam.com.mx\/index.php\/wp-json\/wp\/v2\/product\/5824","targetHints":{"allow":["GET"]}}],"collection":[{"href":"https:\/\/eltiosam.com.mx\/index.php\/wp-json\/wp\/v2\/product"}],"about":[{"href":"https:\/\/eltiosam.com.mx\/index.php\/wp-json\/wp\/v2\/types\/product"}],"wp:featuredmedia":[{"embeddable":true,"href":"https:\/\/eltiosam.com.mx\/index.php\/wp-json\/wp\/v2\/media\/5825"}],"wp:attachment":[{"href":"https:\/\/eltiosam.com.mx\/index.php\/wp-json\/wp\/v2\/media?parent=5824"}],"wp:term":[{"taxonomy":"product_brand","embeddable":true,"href":"https:\/\/eltiosam.com.mx\/index.php\/wp-json\/wp\/v2\/product_brand?post=5824"},{"taxonomy":"product_cat","embeddable":true,"href":"https:\/\/eltiosam.com.mx\/index.php\/wp-json\/wp\/v2\/product_cat?post=5824"},{"taxonomy":"product_tag","embeddable":true,"href":"https:\/\/eltiosam.com.mx\/index.php\/wp-json\/wp\/v2\/product_tag?post=5824"}],"curies":[{"name":"wp","href":"https:\/\/api.w.org\/{rel}","templated":true}]}}