{"id":5806,"date":"2023-11-29T19:58:37","date_gmt":"2023-11-29T19:58:37","guid":{"rendered":"https:\/\/eltiosam.com.mx\/?post_type=product&#038;p=5806"},"modified":"2024-12-04T20:12:03","modified_gmt":"2024-12-04T20:12:03","slug":"enfriador-de-agua-mabe-embl1tb","status":"publish","type":"product","link":"https:\/\/eltiosam.com.mx\/index.php\/product\/enfriador-de-agua-mabe-embl1tb\/","title":{"rendered":"Enfriador de agua Mabe EMBL1TB"},"content":{"rendered":"<p><strong>Descripci\u00f3n:<\/strong> El enfriador de agua Mabe EMBL1TB combina funcionalidad y dise\u00f1o moderno, siendo una opci\u00f3n excelente para mantener el agua a la temperatura deseada de manera conveniente y segura\u200b\u200b\u200b\u200b\u200b\u200b\u200b\u200b.<\/p>\n","protected":false},"excerpt":{"rendered":"<p>Descripci\u00f3n: El enfriador de agua Mabe EMBL1TB combina funcionalidad y dise\u00f1o moderno, siendo una opci\u00f3n excelente para mantener el agua a la temperatura deseada de manera conveniente y segura\u200b\u200b\u200b\u200b\u200b\u200b\u200b\u200b.<\/p>\n","protected":false},"featured_media":11152,"template":"","meta":{"_joinchat":[]},"product_brand":[],"product_cat":[170],"product_tag":[21],"class_list":{"0":"post-5806","1":"product","2":"type-product","3":"status-publish","4":"has-post-thumbnail","6":"product_cat-enfriadores-de-bebidas","7":"product_tag-mabe","9":"first","10":"instock","11":"shipping-taxable","12":"product-type-simple"},"_links":{"self":[{"href":"https:\/\/eltiosam.com.mx\/index.php\/wp-json\/wp\/v2\/product\/5806","targetHints":{"allow":["GET"]}}],"collection":[{"href":"https:\/\/eltiosam.com.mx\/index.php\/wp-json\/wp\/v2\/product"}],"about":[{"href":"https:\/\/eltiosam.com.mx\/index.php\/wp-json\/wp\/v2\/types\/product"}],"wp:featuredmedia":[{"embeddable":true,"href":"https:\/\/eltiosam.com.mx\/index.php\/wp-json\/wp\/v2\/media\/11152"}],"wp:attachment":[{"href":"https:\/\/eltiosam.com.mx\/index.php\/wp-json\/wp\/v2\/media?parent=5806"}],"wp:term":[{"taxonomy":"product_brand","embeddable":true,"href":"https:\/\/eltiosam.com.mx\/index.php\/wp-json\/wp\/v2\/product_brand?post=5806"},{"taxonomy":"product_cat","embeddable":true,"href":"https:\/\/eltiosam.com.mx\/index.php\/wp-json\/wp\/v2\/product_cat?post=5806"},{"taxonomy":"product_tag","embeddable":true,"href":"https:\/\/eltiosam.com.mx\/index.php\/wp-json\/wp\/v2\/product_tag?post=5806"}],"curies":[{"name":"wp","href":"https:\/\/api.w.org\/{rel}","templated":true}]}}