{"id":5775,"date":"2023-11-29T19:21:41","date_gmt":"2023-11-29T19:21:41","guid":{"rendered":"https:\/\/eltiosam.com.mx\/?post_type=product&#038;p=5775"},"modified":"2024-02-12T18:38:52","modified_gmt":"2024-02-12T18:38:52","slug":"horno-de-microondas-120-v-inoxidable-mabe-hmm16xebi","status":"publish","type":"product","link":"https:\/\/eltiosam.com.mx\/index.php\/product\/horno-de-microondas-120-v-inoxidable-mabe-hmm16xebi\/","title":{"rendered":"Horno de microondas &#8211; 120 V Inoxidable Mabe &#8211; HMM16XEBI"},"content":{"rendered":"<p>El horno de microondas Mabe HMM16XEBI es una excelente adici\u00f3n a tu cocina. <strong>Programas Especiales:<\/strong> Ofrece programas especiales para cocinar alimentos de manera r\u00e1pida y f\u00e1cil. <strong>Funci\u00f3n ECO:<\/strong> Ahorro de energ\u00eda al apagar el display cuando no est\u00e1 en uso.<\/p>\n","protected":false},"excerpt":{"rendered":"<p>El horno de microondas Mabe HMM16XEBI es una excelente adici\u00f3n a tu cocina. Programas Especiales: Ofrece programas especiales para cocinar alimentos de manera r\u00e1pida y f\u00e1cil. Funci\u00f3n ECO: Ahorro de energ\u00eda al apagar el display cuando no est\u00e1 en uso.<\/p>\n","protected":false},"featured_media":5776,"template":"","meta":{"_joinchat":[]},"product_brand":[],"product_cat":[184],"product_tag":[21],"class_list":{"0":"post-5775","1":"product","2":"type-product","3":"status-publish","4":"has-post-thumbnail","6":"product_cat-microondas","7":"product_tag-mabe","9":"first","10":"instock","11":"shipping-taxable","12":"product-type-simple"},"_links":{"self":[{"href":"https:\/\/eltiosam.com.mx\/index.php\/wp-json\/wp\/v2\/product\/5775","targetHints":{"allow":["GET"]}}],"collection":[{"href":"https:\/\/eltiosam.com.mx\/index.php\/wp-json\/wp\/v2\/product"}],"about":[{"href":"https:\/\/eltiosam.com.mx\/index.php\/wp-json\/wp\/v2\/types\/product"}],"wp:featuredmedia":[{"embeddable":true,"href":"https:\/\/eltiosam.com.mx\/index.php\/wp-json\/wp\/v2\/media\/5776"}],"wp:attachment":[{"href":"https:\/\/eltiosam.com.mx\/index.php\/wp-json\/wp\/v2\/media?parent=5775"}],"wp:term":[{"taxonomy":"product_brand","embeddable":true,"href":"https:\/\/eltiosam.com.mx\/index.php\/wp-json\/wp\/v2\/product_brand?post=5775"},{"taxonomy":"product_cat","embeddable":true,"href":"https:\/\/eltiosam.com.mx\/index.php\/wp-json\/wp\/v2\/product_cat?post=5775"},{"taxonomy":"product_tag","embeddable":true,"href":"https:\/\/eltiosam.com.mx\/index.php\/wp-json\/wp\/v2\/product_tag?post=5775"}],"curies":[{"name":"wp","href":"https:\/\/api.w.org\/{rel}","templated":true}]}}