{"id":5771,"date":"2023-11-29T19:16:13","date_gmt":"2023-11-29T19:16:13","guid":{"rendered":"https:\/\/eltiosam.com.mx\/?post_type=product&#038;p=5771"},"modified":"2024-02-16T20:02:51","modified_gmt":"2024-02-16T20:02:51","slug":"mabe-hmm111jss-microondas","status":"publish","type":"product","link":"https:\/\/eltiosam.com.mx\/index.php\/product\/mabe-hmm111jss-microondas\/","title":{"rendered":"Mabe HMM111JSS Microondas"},"content":{"rendered":"<div class=\"flex-1 overflow-hidden\">\n<div class=\"react-scroll-to-bottom--css-jmygn-79elbk h-full\">\n<div class=\"react-scroll-to-bottom--css-jmygn-1n7m0yu\">\n<div class=\"flex flex-col pb-9 text-sm\">\n<div class=\"w-full text-token-text-primary\" data-testid=\"conversation-turn-129\">\n<div class=\"px-4 py-2 justify-center text-base md:gap-6 m-auto\">\n<div class=\"flex flex-1 text-base mx-auto gap-3 md:px-5 lg:px-1 xl:px-5 md:max-w-3xl lg:max-w-[40rem] xl:max-w-[48rem] group final-completion\">\n<div class=\"relative flex w-full flex-col lg:w-[calc(100%-115px)] agent-turn\">\n<div class=\"flex-col gap-1 md:gap-3\">\n<div class=\"flex flex-grow flex-col max-w-full\">\n<div class=\"min-h-[20px] text-message flex flex-col items-start gap-3 whitespace-pre-wrap break-words [.text-message+&amp;]:mt-5 overflow-x-auto\" data-message-author-role=\"assistant\" data-message-id=\"5874e80b-cd61-40d6-8cb8-311faecfae4e\">\n<div class=\"markdown prose w-full break-words dark:prose-invert light\">\n<p><strong>Descripci\u00f3n:<\/strong><\/p>\n<p>El microondas Mabe HMM111JSS ofrece un dise\u00f1o moderno y funcional, con caracter\u00edsticas que hacen que la cocina sea m\u00e1s r\u00e1pida y f\u00e1cil. Este microondas Mabe combina eficiencia con un dise\u00f1o estilizado, proporcionando programas y funciones que hacen que la cocina sea m\u00e1s c\u00f3moda y vers\u00e1til.<\/p>\n<\/div>\n<\/div>\n<\/div>\n<\/div>\n<\/div>\n<\/div>\n<\/div>\n<\/div>\n<\/div>\n<\/div>\n<\/div>\n<\/div>\n","protected":false},"excerpt":{"rendered":"<p>Descripci\u00f3n: El microondas Mabe HMM111JSS ofrece un dise\u00f1o moderno y funcional, con caracter\u00edsticas que hacen que la cocina sea m\u00e1s r\u00e1pida y f\u00e1cil. Este microondas Mabe combina eficiencia con un dise\u00f1o estilizado, proporcionando programas y funciones que hacen que la cocina sea m\u00e1s c\u00f3moda y vers\u00e1til.<\/p>\n","protected":false},"featured_media":5772,"template":"","meta":{"_joinchat":[]},"product_brand":[],"product_cat":[184],"product_tag":[21],"class_list":{"0":"post-5771","1":"product","2":"type-product","3":"status-publish","4":"has-post-thumbnail","6":"product_cat-microondas","7":"product_tag-mabe","9":"first","10":"instock","11":"shipping-taxable","12":"product-type-simple"},"_links":{"self":[{"href":"https:\/\/eltiosam.com.mx\/index.php\/wp-json\/wp\/v2\/product\/5771","targetHints":{"allow":["GET"]}}],"collection":[{"href":"https:\/\/eltiosam.com.mx\/index.php\/wp-json\/wp\/v2\/product"}],"about":[{"href":"https:\/\/eltiosam.com.mx\/index.php\/wp-json\/wp\/v2\/types\/product"}],"wp:featuredmedia":[{"embeddable":true,"href":"https:\/\/eltiosam.com.mx\/index.php\/wp-json\/wp\/v2\/media\/5772"}],"wp:attachment":[{"href":"https:\/\/eltiosam.com.mx\/index.php\/wp-json\/wp\/v2\/media?parent=5771"}],"wp:term":[{"taxonomy":"product_brand","embeddable":true,"href":"https:\/\/eltiosam.com.mx\/index.php\/wp-json\/wp\/v2\/product_brand?post=5771"},{"taxonomy":"product_cat","embeddable":true,"href":"https:\/\/eltiosam.com.mx\/index.php\/wp-json\/wp\/v2\/product_cat?post=5771"},{"taxonomy":"product_tag","embeddable":true,"href":"https:\/\/eltiosam.com.mx\/index.php\/wp-json\/wp\/v2\/product_tag?post=5771"}],"curies":[{"name":"wp","href":"https:\/\/api.w.org\/{rel}","templated":true}]}}