{"id":5753,"date":"2023-11-29T18:59:05","date_gmt":"2023-11-29T18:59:05","guid":{"rendered":"https:\/\/eltiosam.com.mx\/?post_type=product&#038;p=5753"},"modified":"2024-02-03T18:07:12","modified_gmt":"2024-02-03T18:07:12","slug":"campana-de-pared-mabe-50-cm-cmpu501nx0","status":"publish","type":"product","link":"https:\/\/eltiosam.com.mx\/index.php\/product\/campana-de-pared-mabe-50-cm-cmpu501nx0\/","title":{"rendered":"Campana de pared Mabe 50 cm \u2013 CMPU501NX0"},"content":{"rendered":"<p>La campana de pared Mabe CMPU501NX0 de 50 cm ofrece caracter\u00edsticas que ayudan a mantener limpia y sin olores tu cocina. Aqu\u00ed tienes un resumen de sus especificaciones, Esta campana Mabe es una opci\u00f3n eficiente y estilizada para mantener tu cocina fresca y libre de olores no deseados.<\/p>\n","protected":false},"excerpt":{"rendered":"<p>La campana de pared Mabe CMPU501NX0 de 50 cm ofrece caracter\u00edsticas que ayudan a mantener limpia y sin olores tu cocina. Aqu\u00ed tienes un resumen de sus especificaciones, Esta campana Mabe es una opci\u00f3n eficiente y estilizada para mantener tu cocina fresca y libre de olores no deseados.<\/p>\n","protected":false},"featured_media":5754,"template":"","meta":{"_joinchat":[]},"product_brand":[],"product_cat":[45,29],"product_tag":[21],"class_list":{"0":"post-5753","1":"product","2":"type-product","3":"status-publish","4":"has-post-thumbnail","6":"product_cat-campanas","7":"product_cat-coccion","8":"product_tag-mabe","10":"first","11":"instock","12":"shipping-taxable","13":"product-type-simple"},"_links":{"self":[{"href":"https:\/\/eltiosam.com.mx\/index.php\/wp-json\/wp\/v2\/product\/5753","targetHints":{"allow":["GET"]}}],"collection":[{"href":"https:\/\/eltiosam.com.mx\/index.php\/wp-json\/wp\/v2\/product"}],"about":[{"href":"https:\/\/eltiosam.com.mx\/index.php\/wp-json\/wp\/v2\/types\/product"}],"wp:featuredmedia":[{"embeddable":true,"href":"https:\/\/eltiosam.com.mx\/index.php\/wp-json\/wp\/v2\/media\/5754"}],"wp:attachment":[{"href":"https:\/\/eltiosam.com.mx\/index.php\/wp-json\/wp\/v2\/media?parent=5753"}],"wp:term":[{"taxonomy":"product_brand","embeddable":true,"href":"https:\/\/eltiosam.com.mx\/index.php\/wp-json\/wp\/v2\/product_brand?post=5753"},{"taxonomy":"product_cat","embeddable":true,"href":"https:\/\/eltiosam.com.mx\/index.php\/wp-json\/wp\/v2\/product_cat?post=5753"},{"taxonomy":"product_tag","embeddable":true,"href":"https:\/\/eltiosam.com.mx\/index.php\/wp-json\/wp\/v2\/product_tag?post=5753"}],"curies":[{"name":"wp","href":"https:\/\/api.w.org\/{rel}","templated":true}]}}