{"id":5749,"date":"2023-11-29T18:56:22","date_gmt":"2023-11-29T18:56:22","guid":{"rendered":"https:\/\/eltiosam.com.mx\/?post_type=product&#038;p=5749"},"modified":"2024-02-09T01:47:28","modified_gmt":"2024-02-09T01:47:28","slug":"estufa-de-piso-silver-mabe-emh7612js0","status":"publish","type":"product","link":"https:\/\/eltiosam.com.mx\/index.php\/product\/estufa-de-piso-silver-mabe-emh7612js0\/","title":{"rendered":"Estufa de Piso Silver Mabe &#8211; EMH7612JS0"},"content":{"rendered":"<p><strong>Descripci\u00f3n:<\/strong> Tecnolog\u00eda Ultimate, Estufas hasta 67% m\u00e1s potentes*, Cubierta con recubrimiento TEON que evita el amarillamiento por efecto del calor hasta por 10 a\u00f1os. Perfect Cook, dise\u00f1o circular en piso del horno que distribuye mejor el calor en toda la cavidad. Recubrimiento Easy Clean Pro, recubre la cavidad del horno para limpiar t\u00e1n f\u00e1cil como un vidrio. Asador bajo, aprovecha el calor descendente para que tus alimentos tengan el toque final que te gusta.<\/p>\n","protected":false},"excerpt":{"rendered":"<p>Descripci\u00f3n: Tecnolog\u00eda Ultimate, Estufas hasta 67% m\u00e1s potentes*, Cubierta con recubrimiento TEON que evita el amarillamiento por efecto del calor hasta por 10 a\u00f1os. Perfect Cook, dise\u00f1o circular en piso del horno que distribuye mejor el calor en toda la cavidad. Recubrimiento Easy Clean Pro, recubre la cavidad del horno para limpiar t\u00e1n f\u00e1cil como [&hellip;]<\/p>\n","protected":false},"featured_media":5750,"template":"","meta":{"_joinchat":[]},"product_brand":[],"product_cat":[29,62],"product_tag":[21],"class_list":{"0":"post-5749","1":"product","2":"type-product","3":"status-publish","4":"has-post-thumbnail","6":"product_cat-coccion","7":"product_cat-estufas","8":"product_tag-mabe","10":"first","11":"instock","12":"shipping-taxable","13":"product-type-simple"},"_links":{"self":[{"href":"https:\/\/eltiosam.com.mx\/index.php\/wp-json\/wp\/v2\/product\/5749","targetHints":{"allow":["GET"]}}],"collection":[{"href":"https:\/\/eltiosam.com.mx\/index.php\/wp-json\/wp\/v2\/product"}],"about":[{"href":"https:\/\/eltiosam.com.mx\/index.php\/wp-json\/wp\/v2\/types\/product"}],"wp:featuredmedia":[{"embeddable":true,"href":"https:\/\/eltiosam.com.mx\/index.php\/wp-json\/wp\/v2\/media\/5750"}],"wp:attachment":[{"href":"https:\/\/eltiosam.com.mx\/index.php\/wp-json\/wp\/v2\/media?parent=5749"}],"wp:term":[{"taxonomy":"product_brand","embeddable":true,"href":"https:\/\/eltiosam.com.mx\/index.php\/wp-json\/wp\/v2\/product_brand?post=5749"},{"taxonomy":"product_cat","embeddable":true,"href":"https:\/\/eltiosam.com.mx\/index.php\/wp-json\/wp\/v2\/product_cat?post=5749"},{"taxonomy":"product_tag","embeddable":true,"href":"https:\/\/eltiosam.com.mx\/index.php\/wp-json\/wp\/v2\/product_tag?post=5749"}],"curies":[{"name":"wp","href":"https:\/\/api.w.org\/{rel}","templated":true}]}}