{"id":5744,"date":"2023-11-29T18:52:39","date_gmt":"2023-11-29T18:52:39","guid":{"rendered":"https:\/\/eltiosam.com.mx\/?post_type=product&#038;p=5744"},"modified":"2024-02-09T01:29:30","modified_gmt":"2024-02-09T01:29:30","slug":"5744","status":"publish","type":"product","link":"https:\/\/eltiosam.com.mx\/index.php\/product\/5744\/","title":{"rendered":"Estufa de piso a gas Mabe EMH7602JBS0"},"content":{"rendered":"<p><strong>Descripci\u00f3n: <\/strong><br \/>\nEstufa de piso a gas mabe 76 cm black slate convertible a gas natural, capelo cristal recto templado, comal teflonizado, 3 parrillas superiores de fundici\u00f3n, cubierta sellada de acero inoxidable, encendido electr\u00f3nico por bot\u00f3n, 127v\/60hz, quemadores sellados tech: 4 jumbo, 2 est\u00e1ndar, horno capacidad t\u00e9rmica 14,000kj\/h o 13,269 btu\u00b4s, termocontrol, encendido electr\u00f3nico por bot\u00f3n, luz interior, 1 parrilla est\u00e1ndar, perfect cook, easy clean pro, steam clean manual, gu\u00eda de cocci\u00f3n en contrapuerta, puerta panor\u00e1mica con vidrio negro serigrafeado<\/p>\n","protected":false},"excerpt":{"rendered":"<p>Descripci\u00f3n: Estufa de piso a gas mabe 76 cm black slate convertible a gas natural, capelo cristal recto templado, comal teflonizado, 3 parrillas superiores de fundici\u00f3n, cubierta sellada de acero inoxidable, encendido electr\u00f3nico por bot\u00f3n, 127v\/60hz, quemadores sellados tech: 4 jumbo, 2 est\u00e1ndar, horno capacidad t\u00e9rmica 14,000kj\/h o 13,269 btu\u00b4s, termocontrol, encendido electr\u00f3nico por bot\u00f3n, [&hellip;]<\/p>\n","protected":false},"featured_media":5745,"template":"","meta":{"_joinchat":[]},"product_brand":[],"product_cat":[29,62],"product_tag":[21],"class_list":{"0":"post-5744","1":"product","2":"type-product","3":"status-publish","4":"has-post-thumbnail","6":"product_cat-coccion","7":"product_cat-estufas","8":"product_tag-mabe","10":"first","11":"instock","12":"shipping-taxable","13":"product-type-simple"},"_links":{"self":[{"href":"https:\/\/eltiosam.com.mx\/index.php\/wp-json\/wp\/v2\/product\/5744","targetHints":{"allow":["GET"]}}],"collection":[{"href":"https:\/\/eltiosam.com.mx\/index.php\/wp-json\/wp\/v2\/product"}],"about":[{"href":"https:\/\/eltiosam.com.mx\/index.php\/wp-json\/wp\/v2\/types\/product"}],"wp:featuredmedia":[{"embeddable":true,"href":"https:\/\/eltiosam.com.mx\/index.php\/wp-json\/wp\/v2\/media\/5745"}],"wp:attachment":[{"href":"https:\/\/eltiosam.com.mx\/index.php\/wp-json\/wp\/v2\/media?parent=5744"}],"wp:term":[{"taxonomy":"product_brand","embeddable":true,"href":"https:\/\/eltiosam.com.mx\/index.php\/wp-json\/wp\/v2\/product_brand?post=5744"},{"taxonomy":"product_cat","embeddable":true,"href":"https:\/\/eltiosam.com.mx\/index.php\/wp-json\/wp\/v2\/product_cat?post=5744"},{"taxonomy":"product_tag","embeddable":true,"href":"https:\/\/eltiosam.com.mx\/index.php\/wp-json\/wp\/v2\/product_tag?post=5744"}],"curies":[{"name":"wp","href":"https:\/\/api.w.org\/{rel}","templated":true}]}}