{"id":5740,"date":"2023-11-29T18:49:04","date_gmt":"2023-11-29T18:49:04","guid":{"rendered":"https:\/\/eltiosam.com.mx\/?post_type=product&#038;p=5740"},"modified":"2024-02-09T01:22:20","modified_gmt":"2024-02-09T01:22:20","slug":"estufa-de-piso-plata-mercury-mabe-em5030bais0","status":"publish","type":"product","link":"https:\/\/eltiosam.com.mx\/index.php\/product\/estufa-de-piso-plata-mercury-mabe-em5030bais0\/","title":{"rendered":"Estufa de piso &#8211; Plata Mercury Mabe- EM5030BAIS0"},"content":{"rendered":"<p><strong>Descripci\u00f3n:<\/strong>\u00a0 La estufa de piso Mabe Mercury EM5030BAIS0 ofrece un rendimiento confiable y caracter\u00edsticas que facilitan la cocci\u00f3n. Esta estufa Mabe Mercury es una opci\u00f3n pr\u00e1ctica para cocinas que buscan rendimiento y facilidad de uso con un dise\u00f1o elegante.<\/p>\n","protected":false},"excerpt":{"rendered":"<p>Descripci\u00f3n:\u00a0 La estufa de piso Mabe Mercury EM5030BAIS0 ofrece un rendimiento confiable y caracter\u00edsticas que facilitan la cocci\u00f3n. Esta estufa Mabe Mercury es una opci\u00f3n pr\u00e1ctica para cocinas que buscan rendimiento y facilidad de uso con un dise\u00f1o elegante.<\/p>\n","protected":false},"featured_media":5741,"template":"","meta":{"_joinchat":[]},"product_brand":[],"product_cat":[29,62],"product_tag":[21],"class_list":{"0":"post-5740","1":"product","2":"type-product","3":"status-publish","4":"has-post-thumbnail","6":"product_cat-coccion","7":"product_cat-estufas","8":"product_tag-mabe","10":"first","11":"instock","12":"shipping-taxable","13":"product-type-simple"},"_links":{"self":[{"href":"https:\/\/eltiosam.com.mx\/index.php\/wp-json\/wp\/v2\/product\/5740","targetHints":{"allow":["GET"]}}],"collection":[{"href":"https:\/\/eltiosam.com.mx\/index.php\/wp-json\/wp\/v2\/product"}],"about":[{"href":"https:\/\/eltiosam.com.mx\/index.php\/wp-json\/wp\/v2\/types\/product"}],"wp:featuredmedia":[{"embeddable":true,"href":"https:\/\/eltiosam.com.mx\/index.php\/wp-json\/wp\/v2\/media\/5741"}],"wp:attachment":[{"href":"https:\/\/eltiosam.com.mx\/index.php\/wp-json\/wp\/v2\/media?parent=5740"}],"wp:term":[{"taxonomy":"product_brand","embeddable":true,"href":"https:\/\/eltiosam.com.mx\/index.php\/wp-json\/wp\/v2\/product_brand?post=5740"},{"taxonomy":"product_cat","embeddable":true,"href":"https:\/\/eltiosam.com.mx\/index.php\/wp-json\/wp\/v2\/product_cat?post=5740"},{"taxonomy":"product_tag","embeddable":true,"href":"https:\/\/eltiosam.com.mx\/index.php\/wp-json\/wp\/v2\/product_tag?post=5740"}],"curies":[{"name":"wp","href":"https:\/\/api.w.org\/{rel}","templated":true}]}}