{"id":5720,"date":"2023-11-29T18:14:50","date_gmt":"2023-11-29T18:14:50","guid":{"rendered":"https:\/\/eltiosam.com.mx\/?post_type=product&#038;p=5720"},"modified":"2024-02-07T05:58:46","modified_gmt":"2024-02-07T05:58:46","slug":"centro-de-lavado-lg-wk22vs6p-22-kg-silver-gas","status":"publish","type":"product","link":"https:\/\/eltiosam.com.mx\/index.php\/product\/centro-de-lavado-lg-wk22vs6p-22-kg-silver-gas\/","title":{"rendered":"Centro De Lavado LG WK22VS6P 22 Kg Silver Gas"},"content":{"rendered":"<div class=\"flex-1 overflow-hidden\">\n<div class=\"react-scroll-to-bottom--css-jmygn-79elbk h-full\">\n<div class=\"react-scroll-to-bottom--css-jmygn-1n7m0yu\">\n<div class=\"flex flex-col pb-9 text-sm\">\n<div class=\"w-full text-token-text-primary\" data-testid=\"conversation-turn-117\">\n<div class=\"px-4 py-2 justify-center text-base md:gap-6 m-auto\">\n<div class=\"flex flex-1 text-base mx-auto gap-3 md:px-5 lg:px-1 xl:px-5 md:max-w-3xl lg:max-w-[40rem] xl:max-w-[48rem] group final-completion\">\n<div class=\"relative flex w-full flex-col lg:w-[calc(100%-115px)] agent-turn\">\n<div class=\"flex-col gap-1 md:gap-3\">\n<div class=\"flex flex-grow flex-col max-w-full\">\n<div class=\"min-h-[20px] text-message flex flex-col items-start gap-3 whitespace-pre-wrap break-words [.text-message+&amp;]:mt-5 overflow-x-auto\" data-message-author-role=\"assistant\" data-message-id=\"b1d7cf10-a0df-4b3e-a499-c66db90fe14b\">\n<div class=\"markdown prose w-full break-words dark:prose-invert light\">\n<p>Este centro de lavado LG ofrece capacidades generosas tanto para lavado como para secado, con diversas tecnolog\u00edas para un rendimiento eficiente y pr\u00e1ctico. La conectividad ThinQ proporciona un control conveniente a trav\u00e9s de la aplicaci\u00f3n y las funciones inteligentes, como Smart Diagnosis, mejoran la experiencia general.<\/p>\n<\/div>\n<\/div>\n<\/div>\n<div class=\"mt-1 flex justify-start gap-3 empty:hidden\">\n<div class=\"text-gray-400 flex self-end lg:self-center justify-center lg:justify-start mt-0 -ml-1 visible\">\n<p>&nbsp;<\/p>\n<div class=\"flex\"><\/div>\n<div class=\"flex items-center gap-1.5 text-xs\"><\/div>\n<\/div>\n<\/div>\n<\/div>\n<div class=\"absolute\">\n<div class=\"flex w-full gap-2 items-center justify-center\"><\/div>\n<\/div>\n<\/div>\n<\/div>\n<\/div>\n<\/div>\n<\/div>\n<\/div>\n<\/div>\n<\/div>\n<div class=\"w-full pt-2 md:pt-0 dark:border-white\/20 md:border-transparent md:dark:border-transparent md:w-[calc(100%-.5rem)]\">\n<form class=\"stretch mx-2 flex flex-row gap-3 last:mb-2 md:mx-4 md:last:mb-6 lg:mx-auto lg:max-w-2xl xl:max-w-3xl\">\n<div class=\"relative flex h-full flex-1 items-stretch md:flex-col\">\n<div class=\"flex w-full items-center\"><\/div>\n<\/div>\n<\/form>\n<\/div>\n","protected":false},"excerpt":{"rendered":"<p>Este centro de lavado LG ofrece capacidades generosas tanto para lavado como para secado, con diversas tecnolog\u00edas para un rendimiento eficiente y pr\u00e1ctico. La conectividad ThinQ proporciona un control conveniente a trav\u00e9s de la aplicaci\u00f3n y las funciones inteligentes, como Smart Diagnosis, mejoran la experiencia general. &nbsp;<\/p>\n","protected":false},"featured_media":5721,"template":"","meta":{"_joinchat":[]},"product_brand":[],"product_cat":[166],"product_tag":[208],"class_list":{"0":"post-5720","1":"product","2":"type-product","3":"status-publish","4":"has-post-thumbnail","6":"product_cat-centros-de-lavado","7":"product_tag-lg","9":"first","10":"instock","11":"shipping-taxable","12":"product-type-simple"},"_links":{"self":[{"href":"https:\/\/eltiosam.com.mx\/index.php\/wp-json\/wp\/v2\/product\/5720","targetHints":{"allow":["GET"]}}],"collection":[{"href":"https:\/\/eltiosam.com.mx\/index.php\/wp-json\/wp\/v2\/product"}],"about":[{"href":"https:\/\/eltiosam.com.mx\/index.php\/wp-json\/wp\/v2\/types\/product"}],"wp:featuredmedia":[{"embeddable":true,"href":"https:\/\/eltiosam.com.mx\/index.php\/wp-json\/wp\/v2\/media\/5721"}],"wp:attachment":[{"href":"https:\/\/eltiosam.com.mx\/index.php\/wp-json\/wp\/v2\/media?parent=5720"}],"wp:term":[{"taxonomy":"product_brand","embeddable":true,"href":"https:\/\/eltiosam.com.mx\/index.php\/wp-json\/wp\/v2\/product_brand?post=5720"},{"taxonomy":"product_cat","embeddable":true,"href":"https:\/\/eltiosam.com.mx\/index.php\/wp-json\/wp\/v2\/product_cat?post=5720"},{"taxonomy":"product_tag","embeddable":true,"href":"https:\/\/eltiosam.com.mx\/index.php\/wp-json\/wp\/v2\/product_tag?post=5720"}],"curies":[{"name":"wp","href":"https:\/\/api.w.org\/{rel}","templated":true}]}}