{"id":5709,"date":"2023-11-29T18:02:46","date_gmt":"2023-11-29T18:02:46","guid":{"rendered":"https:\/\/eltiosam.com.mx\/?post_type=product&#038;p=5709"},"modified":"2024-02-26T05:34:01","modified_gmt":"2024-02-26T05:34:01","slug":"secadora-lg-df22vv2sr-22-kg-plata","status":"publish","type":"product","link":"https:\/\/eltiosam.com.mx\/index.php\/product\/secadora-lg-df22vv2sr-22-kg-plata\/","title":{"rendered":"Secadora LG &#8211; DF22VV2SR 22 Kg &#8211; Plata"},"content":{"rendered":"<p>Descripci\u00f3n:<\/p>\n<p>Esta secadora LG est\u00e1 dise\u00f1ada para ofrecer un secado eficiente, protegiendo la ropa y reduciendo las bacterias y arrugas. La capacidad de carga de 22 kg la hace ideal para manejar grandes vol\u00famenes de ropa. Adem\u00e1s, las tecnolog\u00edas como Steam Fresh\u2122 y ThinQ\u2122 la hacen conveniente y f\u00e1cil de usar.<\/p>\n","protected":false},"excerpt":{"rendered":"<p>Descripci\u00f3n: Esta secadora LG est\u00e1 dise\u00f1ada para ofrecer un secado eficiente, protegiendo la ropa y reduciendo las bacterias y arrugas. La capacidad de carga de 22 kg la hace ideal para manejar grandes vol\u00famenes de ropa. Adem\u00e1s, las tecnolog\u00edas como Steam Fresh\u2122 y ThinQ\u2122 la hacen conveniente y f\u00e1cil de usar.<\/p>\n","protected":false},"featured_media":5710,"template":"","meta":{"_joinchat":[]},"product_brand":[],"product_cat":[198],"product_tag":[208],"class_list":{"0":"post-5709","1":"product","2":"type-product","3":"status-publish","4":"has-post-thumbnail","6":"product_cat-secadoras","7":"product_tag-lg","9":"first","10":"instock","11":"shipping-taxable","12":"product-type-simple"},"_links":{"self":[{"href":"https:\/\/eltiosam.com.mx\/index.php\/wp-json\/wp\/v2\/product\/5709","targetHints":{"allow":["GET"]}}],"collection":[{"href":"https:\/\/eltiosam.com.mx\/index.php\/wp-json\/wp\/v2\/product"}],"about":[{"href":"https:\/\/eltiosam.com.mx\/index.php\/wp-json\/wp\/v2\/types\/product"}],"wp:featuredmedia":[{"embeddable":true,"href":"https:\/\/eltiosam.com.mx\/index.php\/wp-json\/wp\/v2\/media\/5710"}],"wp:attachment":[{"href":"https:\/\/eltiosam.com.mx\/index.php\/wp-json\/wp\/v2\/media?parent=5709"}],"wp:term":[{"taxonomy":"product_brand","embeddable":true,"href":"https:\/\/eltiosam.com.mx\/index.php\/wp-json\/wp\/v2\/product_brand?post=5709"},{"taxonomy":"product_cat","embeddable":true,"href":"https:\/\/eltiosam.com.mx\/index.php\/wp-json\/wp\/v2\/product_cat?post=5709"},{"taxonomy":"product_tag","embeddable":true,"href":"https:\/\/eltiosam.com.mx\/index.php\/wp-json\/wp\/v2\/product_tag?post=5709"}],"curies":[{"name":"wp","href":"https:\/\/api.w.org\/{rel}","templated":true}]}}