{"id":5652,"date":"2023-11-29T16:35:52","date_gmt":"2023-11-29T16:35:52","guid":{"rendered":"https:\/\/eltiosam.com.mx\/?post_type=product&#038;p=5652"},"modified":"2024-02-13T21:57:40","modified_gmt":"2024-02-13T21:57:40","slug":"kitchen-aid-motor-interno-1170-cfm-uxb1170kys-campana","status":"publish","type":"product","link":"https:\/\/eltiosam.com.mx\/index.php\/product\/kitchen-aid-motor-interno-1170-cfm-uxb1170kys-campana\/","title":{"rendered":"KITCHEN AID Motor Interno para CAMPANA 1170 CFM UXB1170KYS"},"content":{"rendered":"<p><strong>Descripci\u00f3n:<\/strong><\/p>\n<p>El Motor Interno KitchenAid 1170 CFM UXB1170KYS est\u00e1 dise\u00f1ado para ofrecer un rendimiento fiable y manejar los requisitos de los quemadores de gas de alta potencia.<\/p>\n","protected":false},"excerpt":{"rendered":"<p>Descripci\u00f3n: El Motor Interno KitchenAid 1170 CFM UXB1170KYS est\u00e1 dise\u00f1ado para ofrecer un rendimiento fiable y manejar los requisitos de los quemadores de gas de alta potencia.<\/p>\n","protected":false},"featured_media":5653,"template":"","meta":{"_joinchat":[]},"product_brand":[],"product_cat":[45,29],"product_tag":[39],"class_list":{"0":"post-5652","1":"product","2":"type-product","3":"status-publish","4":"has-post-thumbnail","6":"product_cat-campanas","7":"product_cat-coccion","8":"product_tag-kitchen-aid","10":"first","11":"instock","12":"shipping-taxable","13":"product-type-simple"},"_links":{"self":[{"href":"https:\/\/eltiosam.com.mx\/index.php\/wp-json\/wp\/v2\/product\/5652","targetHints":{"allow":["GET"]}}],"collection":[{"href":"https:\/\/eltiosam.com.mx\/index.php\/wp-json\/wp\/v2\/product"}],"about":[{"href":"https:\/\/eltiosam.com.mx\/index.php\/wp-json\/wp\/v2\/types\/product"}],"wp:featuredmedia":[{"embeddable":true,"href":"https:\/\/eltiosam.com.mx\/index.php\/wp-json\/wp\/v2\/media\/5653"}],"wp:attachment":[{"href":"https:\/\/eltiosam.com.mx\/index.php\/wp-json\/wp\/v2\/media?parent=5652"}],"wp:term":[{"taxonomy":"product_brand","embeddable":true,"href":"https:\/\/eltiosam.com.mx\/index.php\/wp-json\/wp\/v2\/product_brand?post=5652"},{"taxonomy":"product_cat","embeddable":true,"href":"https:\/\/eltiosam.com.mx\/index.php\/wp-json\/wp\/v2\/product_cat?post=5652"},{"taxonomy":"product_tag","embeddable":true,"href":"https:\/\/eltiosam.com.mx\/index.php\/wp-json\/wp\/v2\/product_tag?post=5652"}],"curies":[{"name":"wp","href":"https:\/\/api.w.org\/{rel}","templated":true}]}}