{"id":5648,"date":"2023-11-29T00:02:50","date_gmt":"2023-11-29T00:02:50","guid":{"rendered":"https:\/\/eltiosam.com.mx\/?post_type=product&#038;p=5648"},"modified":"2024-02-13T21:44:47","modified_gmt":"2024-02-13T21:44:47","slug":"kitchen-aid-kces556hss-parrilla","status":"publish","type":"product","link":"https:\/\/eltiosam.com.mx\/index.php\/product\/kitchen-aid-kces556hss-parrilla\/","title":{"rendered":"PARRILLA KITCHEN AID &#8211; KCES556HSS"},"content":{"rendered":"<p><strong>Descripci\u00f3n:<\/strong><\/p>\n<p>La parrilla el\u00e9ctrica KitchenAid KCES556HSS de 36&#8243; combina estilo y rendimiento con cinco elementos radiantes, brindando flexibilidad y control en tu cocina. Aqu\u00ed tienes m\u00e1s detalles sobre sus caracter\u00edsticas: Esta parrilla KitchenAid ofrece un dise\u00f1o elegante y potencia en su rendimiento para satisfacer tus necesidades de cocci\u00f3n.<\/p>\n","protected":false},"excerpt":{"rendered":"<p>Descripci\u00f3n: La parrilla el\u00e9ctrica KitchenAid KCES556HSS de 36&#8243; combina estilo y rendimiento con cinco elementos radiantes, brindando flexibilidad y control en tu cocina. Aqu\u00ed tienes m\u00e1s detalles sobre sus caracter\u00edsticas: Esta parrilla KitchenAid ofrece un dise\u00f1o elegante y potencia en su rendimiento para satisfacer tus necesidades de cocci\u00f3n.<\/p>\n","protected":false},"featured_media":5651,"template":"","meta":{"_joinchat":[]},"product_brand":[],"product_cat":[192],"product_tag":[39],"class_list":{"0":"post-5648","1":"product","2":"type-product","3":"status-publish","4":"has-post-thumbnail","6":"product_cat-parrillas-electricas","7":"product_tag-kitchen-aid","9":"first","10":"instock","11":"shipping-taxable","12":"product-type-simple"},"_links":{"self":[{"href":"https:\/\/eltiosam.com.mx\/index.php\/wp-json\/wp\/v2\/product\/5648","targetHints":{"allow":["GET"]}}],"collection":[{"href":"https:\/\/eltiosam.com.mx\/index.php\/wp-json\/wp\/v2\/product"}],"about":[{"href":"https:\/\/eltiosam.com.mx\/index.php\/wp-json\/wp\/v2\/types\/product"}],"wp:featuredmedia":[{"embeddable":true,"href":"https:\/\/eltiosam.com.mx\/index.php\/wp-json\/wp\/v2\/media\/5651"}],"wp:attachment":[{"href":"https:\/\/eltiosam.com.mx\/index.php\/wp-json\/wp\/v2\/media?parent=5648"}],"wp:term":[{"taxonomy":"product_brand","embeddable":true,"href":"https:\/\/eltiosam.com.mx\/index.php\/wp-json\/wp\/v2\/product_brand?post=5648"},{"taxonomy":"product_cat","embeddable":true,"href":"https:\/\/eltiosam.com.mx\/index.php\/wp-json\/wp\/v2\/product_cat?post=5648"},{"taxonomy":"product_tag","embeddable":true,"href":"https:\/\/eltiosam.com.mx\/index.php\/wp-json\/wp\/v2\/product_tag?post=5648"}],"curies":[{"name":"wp","href":"https:\/\/api.w.org\/{rel}","templated":true}]}}