{"id":5623,"date":"2023-11-28T23:28:56","date_gmt":"2023-11-28T23:28:56","guid":{"rendered":"https:\/\/eltiosam.com.mx\/?post_type=product&#038;p=5623"},"modified":"2024-02-14T21:59:24","modified_gmt":"2024-02-14T21:59:24","slug":"lavavajillas-60-cm-empotrable-acero-inoxidable-ge-profile-pbt865smpes","status":"publish","type":"product","link":"https:\/\/eltiosam.com.mx\/index.php\/product\/lavavajillas-60-cm-empotrable-acero-inoxidable-ge-profile-pbt865smpes\/","title":{"rendered":"Lavavajillas 60 cm Empotrable Acero Inoxidable GE Profile &#8211; PBT865SMPES"},"content":{"rendered":"<p><strong>Descripci\u00f3n:<\/strong><\/p>\n<p>El lavavajillas GE Profile PBT865SMPES ofrece un rendimiento avanzado y diversas caracter\u00edsticas que facilitan el lavado eficiente de tus platos. Este lavavajillas GE Profile ofrece un rendimiento vers\u00e1til y eficiente con opciones avanzadas de lavado y secado, y su dise\u00f1o empotrable le proporciona un aspecto elegante y discreto en tu cocina.<\/p>\n","protected":false},"excerpt":{"rendered":"<p>Descripci\u00f3n: El lavavajillas GE Profile PBT865SMPES ofrece un rendimiento avanzado y diversas caracter\u00edsticas que facilitan el lavado eficiente de tus platos. Este lavavajillas GE Profile ofrece un rendimiento vers\u00e1til y eficiente con opciones avanzadas de lavado y secado, y su dise\u00f1o empotrable le proporciona un aspecto elegante y discreto en tu cocina.<\/p>\n","protected":false},"featured_media":5625,"template":"","meta":{"_joinchat":[]},"product_brand":[],"product_cat":[43,42],"product_tag":[117],"class_list":{"0":"post-5623","1":"product","2":"type-product","3":"status-publish","4":"has-post-thumbnail","6":"product_cat-lavavajillas","7":"product_cat-varios","8":"product_tag-ge-profile","10":"first","11":"instock","12":"shipping-taxable","13":"product-type-simple"},"_links":{"self":[{"href":"https:\/\/eltiosam.com.mx\/index.php\/wp-json\/wp\/v2\/product\/5623","targetHints":{"allow":["GET"]}}],"collection":[{"href":"https:\/\/eltiosam.com.mx\/index.php\/wp-json\/wp\/v2\/product"}],"about":[{"href":"https:\/\/eltiosam.com.mx\/index.php\/wp-json\/wp\/v2\/types\/product"}],"wp:featuredmedia":[{"embeddable":true,"href":"https:\/\/eltiosam.com.mx\/index.php\/wp-json\/wp\/v2\/media\/5625"}],"wp:attachment":[{"href":"https:\/\/eltiosam.com.mx\/index.php\/wp-json\/wp\/v2\/media?parent=5623"}],"wp:term":[{"taxonomy":"product_brand","embeddable":true,"href":"https:\/\/eltiosam.com.mx\/index.php\/wp-json\/wp\/v2\/product_brand?post=5623"},{"taxonomy":"product_cat","embeddable":true,"href":"https:\/\/eltiosam.com.mx\/index.php\/wp-json\/wp\/v2\/product_cat?post=5623"},{"taxonomy":"product_tag","embeddable":true,"href":"https:\/\/eltiosam.com.mx\/index.php\/wp-json\/wp\/v2\/product_tag?post=5623"}],"curies":[{"name":"wp","href":"https:\/\/api.w.org\/{rel}","templated":true}]}}