{"id":5616,"date":"2023-11-28T23:23:16","date_gmt":"2023-11-28T23:23:16","guid":{"rendered":"https:\/\/eltiosam.com.mx\/?post_type=product&#038;p=5616"},"modified":"2024-02-24T19:14:27","modified_gmt":"2024-02-24T19:14:27","slug":"refrigerador-bottom-freezer-765-l-inoxidable-ge-profile-pff27jyrffs","status":"publish","type":"product","link":"https:\/\/eltiosam.com.mx\/index.php\/product\/refrigerador-bottom-freezer-765-l-inoxidable-ge-profile-pff27jyrffs\/","title":{"rendered":"Refrigerador Bottom Freezer 765 L Inoxidable Ge profile &#8211; PFF27JYRFFS"},"content":{"rendered":"<p>Descripci\u00f3n:<br \/>\nEl refrigerador GE Profile PFF27JYRFFS ofrece una amplia capacidad de 765 litros y cuenta con diversas caracter\u00edsticas avanzadas para satisfacer tus necesidades de almacenamiento y facilitar la conservaci\u00f3n de los alimentos. Este refrigerador combina capacidad, dise\u00f1o elegante y funciones avanzadas para brindar un alto rendimiento y comodidad en el almacenamiento de alimentos.<\/p>\n","protected":false},"excerpt":{"rendered":"<p>Descripci\u00f3n: El refrigerador GE Profile PFF27JYRFFS ofrece una amplia capacidad de 765 litros y cuenta con diversas caracter\u00edsticas avanzadas para satisfacer tus necesidades de almacenamiento y facilitar la conservaci\u00f3n de los alimentos. Este refrigerador combina capacidad, dise\u00f1o elegante y funciones avanzadas para brindar un alto rendimiento y comodidad en el almacenamiento de alimentos.<\/p>\n","protected":false},"featured_media":5618,"template":"","meta":{"_joinchat":[]},"product_brand":[],"product_cat":[20,41],"product_tag":[117],"class_list":{"0":"post-5616","1":"product","2":"type-product","3":"status-publish","4":"has-post-thumbnail","6":"product_cat-refrigeracion","7":"product_cat-refrigeradores","8":"product_tag-ge-profile","10":"first","11":"instock","12":"shipping-taxable","13":"product-type-simple"},"_links":{"self":[{"href":"https:\/\/eltiosam.com.mx\/index.php\/wp-json\/wp\/v2\/product\/5616","targetHints":{"allow":["GET"]}}],"collection":[{"href":"https:\/\/eltiosam.com.mx\/index.php\/wp-json\/wp\/v2\/product"}],"about":[{"href":"https:\/\/eltiosam.com.mx\/index.php\/wp-json\/wp\/v2\/types\/product"}],"wp:featuredmedia":[{"embeddable":true,"href":"https:\/\/eltiosam.com.mx\/index.php\/wp-json\/wp\/v2\/media\/5618"}],"wp:attachment":[{"href":"https:\/\/eltiosam.com.mx\/index.php\/wp-json\/wp\/v2\/media?parent=5616"}],"wp:term":[{"taxonomy":"product_brand","embeddable":true,"href":"https:\/\/eltiosam.com.mx\/index.php\/wp-json\/wp\/v2\/product_brand?post=5616"},{"taxonomy":"product_cat","embeddable":true,"href":"https:\/\/eltiosam.com.mx\/index.php\/wp-json\/wp\/v2\/product_cat?post=5616"},{"taxonomy":"product_tag","embeddable":true,"href":"https:\/\/eltiosam.com.mx\/index.php\/wp-json\/wp\/v2\/product_tag?post=5616"}],"curies":[{"name":"wp","href":"https:\/\/api.w.org\/{rel}","templated":true}]}}