{"id":5613,"date":"2023-11-28T23:20:46","date_gmt":"2023-11-28T23:20:46","guid":{"rendered":"https:\/\/eltiosam.com.mx\/?post_type=product&#038;p=5613"},"modified":"2024-02-24T20:19:40","modified_gmt":"2024-02-24T20:19:40","slug":"refrigerador-ge-profile-pff25lercds","status":"publish","type":"product","link":"https:\/\/eltiosam.com.mx\/index.php\/product\/refrigerador-ge-profile-pff25lercds\/","title":{"rendered":"Refrigerador GE Profile &#8211; PFF25LERCDS"},"content":{"rendered":"<p><strong>Descripci\u00f3n:<\/strong><\/p>\n<p>El Refrigerador Bottom Freezer 765 L Inoxidable GE Profile &#8211; PFF27JYRFFS es un electrodom\u00e9stico de alta capacidad con diversas caracter\u00edsticas que mejoran la conservaci\u00f3n de los alimentos y brindan comodidad. Este refrigerador GE Profile combina eficiencia, dise\u00f1o y practicidad para satisfacer tus necesidades de almacenamiento y conservaci\u00f3n de alimentos.<\/p>\n","protected":false},"excerpt":{"rendered":"<p>Descripci\u00f3n: El Refrigerador Bottom Freezer 765 L Inoxidable GE Profile &#8211; PFF27JYRFFS es un electrodom\u00e9stico de alta capacidad con diversas caracter\u00edsticas que mejoran la conservaci\u00f3n de los alimentos y brindan comodidad. Este refrigerador GE Profile combina eficiencia, dise\u00f1o y practicidad para satisfacer tus necesidades de almacenamiento y conservaci\u00f3n de alimentos.<\/p>\n","protected":false},"featured_media":5615,"template":"","meta":{"_joinchat":[]},"product_brand":[],"product_cat":[20,41],"product_tag":[117],"class_list":{"0":"post-5613","1":"product","2":"type-product","3":"status-publish","4":"has-post-thumbnail","6":"product_cat-refrigeracion","7":"product_cat-refrigeradores","8":"product_tag-ge-profile","10":"first","11":"instock","12":"shipping-taxable","13":"product-type-simple"},"_links":{"self":[{"href":"https:\/\/eltiosam.com.mx\/index.php\/wp-json\/wp\/v2\/product\/5613","targetHints":{"allow":["GET"]}}],"collection":[{"href":"https:\/\/eltiosam.com.mx\/index.php\/wp-json\/wp\/v2\/product"}],"about":[{"href":"https:\/\/eltiosam.com.mx\/index.php\/wp-json\/wp\/v2\/types\/product"}],"wp:featuredmedia":[{"embeddable":true,"href":"https:\/\/eltiosam.com.mx\/index.php\/wp-json\/wp\/v2\/media\/5615"}],"wp:attachment":[{"href":"https:\/\/eltiosam.com.mx\/index.php\/wp-json\/wp\/v2\/media?parent=5613"}],"wp:term":[{"taxonomy":"product_brand","embeddable":true,"href":"https:\/\/eltiosam.com.mx\/index.php\/wp-json\/wp\/v2\/product_brand?post=5613"},{"taxonomy":"product_cat","embeddable":true,"href":"https:\/\/eltiosam.com.mx\/index.php\/wp-json\/wp\/v2\/product_cat?post=5613"},{"taxonomy":"product_tag","embeddable":true,"href":"https:\/\/eltiosam.com.mx\/index.php\/wp-json\/wp\/v2\/product_tag?post=5613"}],"curies":[{"name":"wp","href":"https:\/\/api.w.org\/{rel}","templated":true}]}}