{"id":5595,"date":"2023-11-28T23:02:15","date_gmt":"2023-11-28T23:02:15","guid":{"rendered":"https:\/\/eltiosam.com.mx\/?post_type=product&#038;p=5595"},"modified":"2024-02-24T20:02:42","modified_gmt":"2024-02-24T20:02:42","slug":"refrigerador-duplex-ge-profile-pnm26pgtfps","status":"publish","type":"product","link":"https:\/\/eltiosam.com.mx\/index.php\/product\/refrigerador-duplex-ge-profile-pnm26pgtfps\/","title":{"rendered":"Refrigerador D\u00faplex GE Profile &#8211; PNM26PGTFPS"},"content":{"rendered":"<p>Descripci\u00f3n:<\/p>\n<p>Tecnolog\u00eda Total Fresh Flow para m\u00e1xima conservaci\u00f3n y frescura de los alimentos. Sensores que determinan la temperatura ideal para mantener siempre frescos los alimentos. Luz LED para mayor visibilidad en todos los espacios. Despachador de agua en puerta, disfruta de hielo y agua fresca sin necesidad de abrir el refrigerador. Filtro de agua. Jaladeras de acero inoxidable. Turbo Cool. Quick Ice<\/p>\n","protected":false},"excerpt":{"rendered":"<p>Descripci\u00f3n: Tecnolog\u00eda Total Fresh Flow para m\u00e1xima conservaci\u00f3n y frescura de los alimentos. Sensores que determinan la temperatura ideal para mantener siempre frescos los alimentos. Luz LED para mayor visibilidad en todos los espacios. Despachador de agua en puerta, disfruta de hielo y agua fresca sin necesidad de abrir el refrigerador. Filtro de agua. Jaladeras [&hellip;]<\/p>\n","protected":false},"featured_media":5597,"template":"","meta":{"_joinchat":[]},"product_brand":[],"product_cat":[20,41],"product_tag":[117],"class_list":{"0":"post-5595","1":"product","2":"type-product","3":"status-publish","4":"has-post-thumbnail","6":"product_cat-refrigeracion","7":"product_cat-refrigeradores","8":"product_tag-ge-profile","10":"first","11":"instock","12":"shipping-taxable","13":"product-type-simple"},"_links":{"self":[{"href":"https:\/\/eltiosam.com.mx\/index.php\/wp-json\/wp\/v2\/product\/5595","targetHints":{"allow":["GET"]}}],"collection":[{"href":"https:\/\/eltiosam.com.mx\/index.php\/wp-json\/wp\/v2\/product"}],"about":[{"href":"https:\/\/eltiosam.com.mx\/index.php\/wp-json\/wp\/v2\/types\/product"}],"wp:featuredmedia":[{"embeddable":true,"href":"https:\/\/eltiosam.com.mx\/index.php\/wp-json\/wp\/v2\/media\/5597"}],"wp:attachment":[{"href":"https:\/\/eltiosam.com.mx\/index.php\/wp-json\/wp\/v2\/media?parent=5595"}],"wp:term":[{"taxonomy":"product_brand","embeddable":true,"href":"https:\/\/eltiosam.com.mx\/index.php\/wp-json\/wp\/v2\/product_brand?post=5595"},{"taxonomy":"product_cat","embeddable":true,"href":"https:\/\/eltiosam.com.mx\/index.php\/wp-json\/wp\/v2\/product_cat?post=5595"},{"taxonomy":"product_tag","embeddable":true,"href":"https:\/\/eltiosam.com.mx\/index.php\/wp-json\/wp\/v2\/product_tag?post=5595"}],"curies":[{"name":"wp","href":"https:\/\/api.w.org\/{rel}","templated":true}]}}