{"id":5592,"date":"2023-11-28T22:59:13","date_gmt":"2023-11-28T22:59:13","guid":{"rendered":"https:\/\/eltiosam.com.mx\/?post_type=product&#038;p=5592"},"modified":"2024-02-24T18:56:29","modified_gmt":"2024-02-24T18:56:29","slug":"refrigerador-755-l-inoxidable-ge-profile-pnm26pgtcfs","status":"publish","type":"product","link":"https:\/\/eltiosam.com.mx\/index.php\/product\/refrigerador-755-l-inoxidable-ge-profile-pnm26pgtcfs\/","title":{"rendered":"Refrigerador 755 L Inoxidable Ge profile &#8211; PNM26PGTCFS"},"content":{"rendered":"<p><strong>Descripci\u00f3n:<\/strong><\/p>\n<p>Tecnolog\u00eda Total Fresh Flow para m\u00e1xima conservaci\u00f3n y frescura de los alimentos.Sensores que determinan la temperatura ideal para mantener siempre frescos los alimentos.Luz LED para mayor visibilidad en todos los espacios.Despachador de agua en puerta, disfruta de hielo y agua fresca.<\/p>\n","protected":false},"excerpt":{"rendered":"<p>Descripci\u00f3n: Tecnolog\u00eda Total Fresh Flow para m\u00e1xima conservaci\u00f3n y frescura de los alimentos.Sensores que determinan la temperatura ideal para mantener siempre frescos los alimentos.Luz LED para mayor visibilidad en todos los espacios.Despachador de agua en puerta, disfruta de hielo y agua fresca.<\/p>\n","protected":false},"featured_media":5593,"template":"","meta":{"_joinchat":[]},"product_brand":[],"product_cat":[20,41],"product_tag":[117],"class_list":{"0":"post-5592","1":"product","2":"type-product","3":"status-publish","4":"has-post-thumbnail","6":"product_cat-refrigeracion","7":"product_cat-refrigeradores","8":"product_tag-ge-profile","10":"first","11":"instock","12":"shipping-taxable","13":"product-type-simple"},"_links":{"self":[{"href":"https:\/\/eltiosam.com.mx\/index.php\/wp-json\/wp\/v2\/product\/5592","targetHints":{"allow":["GET"]}}],"collection":[{"href":"https:\/\/eltiosam.com.mx\/index.php\/wp-json\/wp\/v2\/product"}],"about":[{"href":"https:\/\/eltiosam.com.mx\/index.php\/wp-json\/wp\/v2\/types\/product"}],"wp:featuredmedia":[{"embeddable":true,"href":"https:\/\/eltiosam.com.mx\/index.php\/wp-json\/wp\/v2\/media\/5593"}],"wp:attachment":[{"href":"https:\/\/eltiosam.com.mx\/index.php\/wp-json\/wp\/v2\/media?parent=5592"}],"wp:term":[{"taxonomy":"product_brand","embeddable":true,"href":"https:\/\/eltiosam.com.mx\/index.php\/wp-json\/wp\/v2\/product_brand?post=5592"},{"taxonomy":"product_cat","embeddable":true,"href":"https:\/\/eltiosam.com.mx\/index.php\/wp-json\/wp\/v2\/product_cat?post=5592"},{"taxonomy":"product_tag","embeddable":true,"href":"https:\/\/eltiosam.com.mx\/index.php\/wp-json\/wp\/v2\/product_tag?post=5592"}],"curies":[{"name":"wp","href":"https:\/\/api.w.org\/{rel}","templated":true}]}}