{"id":5589,"date":"2023-11-28T22:56:57","date_gmt":"2023-11-28T22:56:57","guid":{"rendered":"https:\/\/eltiosam.com.mx\/?post_type=product&#038;p=5589"},"modified":"2024-02-24T19:18:10","modified_gmt":"2024-02-24T19:18:10","slug":"refrigerador-dark-slate-ge-profile-pnm22mdthds","status":"publish","type":"product","link":"https:\/\/eltiosam.com.mx\/index.php\/product\/refrigerador-dark-slate-ge-profile-pnm22mdthds\/","title":{"rendered":"Refrigerador Dark Slate Ge profile &#8211; PNM22MDTHDS"},"content":{"rendered":"<h3>Descripci\u00f3n:<\/h3>\n<ul>\n<li><strong>Dispensador de Agua:<\/strong> S\u00ed, en la puerta.<\/li>\n<li><strong>Sensores de Temperatura:<\/strong> 4 sensores para un control \u00f3ptimo.<\/li>\n<li><strong>Jaladeras:<\/strong> Acero inoxidable.<\/li>\n<li><strong>Filtro de Agua:<\/strong> Incluido.<\/li>\n<li><strong>Alarma de Puerta Abierta:<\/strong> Equipado para mayor seguridad.<\/li>\n<li><strong>Quick Ice:<\/strong> Funci\u00f3n para hacer hielo r\u00e1pidamente.<\/li>\n<li><strong>Luz LED:<\/strong> Iluminaci\u00f3n interior eficiente.<\/li>\n<li><strong>Turbo Cool:<\/strong> Enfriamiento r\u00e1pido de alimentos y bebidas.<\/li>\n<\/ul>\n","protected":false},"excerpt":{"rendered":"<p>Descripci\u00f3n: Dispensador de Agua: S\u00ed, en la puerta. Sensores de Temperatura: 4 sensores para un control \u00f3ptimo. Jaladeras: Acero inoxidable. Filtro de Agua: Incluido. Alarma de Puerta Abierta: Equipado para mayor seguridad. Quick Ice: Funci\u00f3n para hacer hielo r\u00e1pidamente. Luz LED: Iluminaci\u00f3n interior eficiente. Turbo Cool: Enfriamiento r\u00e1pido de alimentos y bebidas.<\/p>\n","protected":false},"featured_media":5590,"template":"","meta":{"_joinchat":[]},"product_brand":[],"product_cat":[20,41],"product_tag":[117],"class_list":{"0":"post-5589","1":"product","2":"type-product","3":"status-publish","4":"has-post-thumbnail","6":"product_cat-refrigeracion","7":"product_cat-refrigeradores","8":"product_tag-ge-profile","10":"first","11":"instock","12":"shipping-taxable","13":"product-type-simple"},"_links":{"self":[{"href":"https:\/\/eltiosam.com.mx\/index.php\/wp-json\/wp\/v2\/product\/5589","targetHints":{"allow":["GET"]}}],"collection":[{"href":"https:\/\/eltiosam.com.mx\/index.php\/wp-json\/wp\/v2\/product"}],"about":[{"href":"https:\/\/eltiosam.com.mx\/index.php\/wp-json\/wp\/v2\/types\/product"}],"wp:featuredmedia":[{"embeddable":true,"href":"https:\/\/eltiosam.com.mx\/index.php\/wp-json\/wp\/v2\/media\/5590"}],"wp:attachment":[{"href":"https:\/\/eltiosam.com.mx\/index.php\/wp-json\/wp\/v2\/media?parent=5589"}],"wp:term":[{"taxonomy":"product_brand","embeddable":true,"href":"https:\/\/eltiosam.com.mx\/index.php\/wp-json\/wp\/v2\/product_brand?post=5589"},{"taxonomy":"product_cat","embeddable":true,"href":"https:\/\/eltiosam.com.mx\/index.php\/wp-json\/wp\/v2\/product_cat?post=5589"},{"taxonomy":"product_tag","embeddable":true,"href":"https:\/\/eltiosam.com.mx\/index.php\/wp-json\/wp\/v2\/product_tag?post=5589"}],"curies":[{"name":"wp","href":"https:\/\/api.w.org\/{rel}","templated":true}]}}