{"id":5581,"date":"2023-11-28T22:18:32","date_gmt":"2023-11-28T22:18:32","guid":{"rendered":"https:\/\/eltiosam.com.mx\/?post_type=product&#038;p=5581"},"modified":"2025-10-14T20:33:22","modified_gmt":"2025-10-14T20:33:22","slug":"kss1236-llave-monomando-extraible-para-cocina","status":"publish","type":"product","link":"https:\/\/eltiosam.com.mx\/index.php\/product\/kss1236-llave-monomando-extraible-para-cocina\/","title":{"rendered":"KSS1236 Llave Monomando Extra\u00edble para Cocina"},"content":{"rendered":"<p><strong>Descripci\u00f3n General:<\/strong><\/p>\n<ul>\n<li><strong>Marca:<\/strong> Kele<\/li>\n<li><strong>Modelo:<\/strong> KSS1236<\/li>\n<li><strong>Tipo de Producto:<\/strong> Llave monomando extra\u00edble para cocina<\/li>\n<li><strong>Acabado:<\/strong> Disponible en combinaci\u00f3n Gold PVD\/Black o Acero Inoxidable\/Negro mate<\/li>\n<li><strong>Serie:<\/strong> Inox 304<\/li>\n<\/ul>\n<p><strong>Especificaciones T\u00e9cnicas:<\/strong><\/p>\n<ul>\n<li><strong>Cuello:<\/strong> Alto rectangular<\/li>\n<li><strong>Cabezal:<\/strong> Con doble funci\u00f3n<\/li>\n<li><strong>Dimensiones:<\/strong> 33 x 22 cm<\/li>\n<\/ul>\n<p><strong>Caracter\u00edsticas Adicionales:<\/strong><\/p>\n<ul>\n<li><strong>Se sugiere hidroneum\u00e1tico para un \u00f3ptimo funcionamiento.<\/strong><\/li>\n<\/ul>\n","protected":false},"excerpt":{"rendered":"<p>Descripci\u00f3n General: Marca: Kele Modelo: KSS1236 Tipo de Producto: Llave monomando extra\u00edble para cocina Acabado: Disponible en combinaci\u00f3n Gold PVD\/Black o Acero Inoxidable\/Negro mate Serie: Inox 304 Especificaciones T\u00e9cnicas: Cuello: Alto rectangular Cabezal: Con doble funci\u00f3n Dimensiones: 33 x 22 cm Caracter\u00edsticas Adicionales: Se sugiere hidroneum\u00e1tico para un \u00f3ptimo funcionamiento.<\/p>\n","protected":false},"featured_media":12778,"template":"","meta":{"_joinchat":[]},"product_brand":[],"product_cat":[183,42],"product_tag":[70],"class_list":{"0":"post-5581","1":"product","2":"type-product","3":"status-publish","4":"has-post-thumbnail","6":"product_cat-mezcladoras","7":"product_cat-varios","8":"product_tag-kele","10":"first","11":"instock","12":"shipping-taxable","13":"product-type-simple"},"_links":{"self":[{"href":"https:\/\/eltiosam.com.mx\/index.php\/wp-json\/wp\/v2\/product\/5581","targetHints":{"allow":["GET"]}}],"collection":[{"href":"https:\/\/eltiosam.com.mx\/index.php\/wp-json\/wp\/v2\/product"}],"about":[{"href":"https:\/\/eltiosam.com.mx\/index.php\/wp-json\/wp\/v2\/types\/product"}],"wp:featuredmedia":[{"embeddable":true,"href":"https:\/\/eltiosam.com.mx\/index.php\/wp-json\/wp\/v2\/media\/12778"}],"wp:attachment":[{"href":"https:\/\/eltiosam.com.mx\/index.php\/wp-json\/wp\/v2\/media?parent=5581"}],"wp:term":[{"taxonomy":"product_brand","embeddable":true,"href":"https:\/\/eltiosam.com.mx\/index.php\/wp-json\/wp\/v2\/product_brand?post=5581"},{"taxonomy":"product_cat","embeddable":true,"href":"https:\/\/eltiosam.com.mx\/index.php\/wp-json\/wp\/v2\/product_cat?post=5581"},{"taxonomy":"product_tag","embeddable":true,"href":"https:\/\/eltiosam.com.mx\/index.php\/wp-json\/wp\/v2\/product_tag?post=5581"}],"curies":[{"name":"wp","href":"https:\/\/api.w.org\/{rel}","templated":true}]}}