{"id":5566,"date":"2023-11-28T21:57:18","date_gmt":"2023-11-28T21:57:18","guid":{"rendered":"https:\/\/eltiosam.com.mx\/?post_type=product&#038;p=5566"},"modified":"2025-10-14T20:19:37","modified_gmt":"2025-10-14T20:19:37","slug":"kele-kb92125-ai-mezcladora","status":"publish","type":"product","link":"https:\/\/eltiosam.com.mx\/index.php\/product\/kele-kb92125-ai-mezcladora\/","title":{"rendered":"MEZCLADORA KELE &#8211; KB92125-AI"},"content":{"rendered":"<p><b>Descripci\u00f3n:<\/b><\/p>\n<ul>\n<li><strong>Sensor de Doble Funci\u00f3n:<\/strong> El cabezal ABS cuenta con un sensor de doble funci\u00f3n, lo que significa que puede detectar la presencia de las manos para activar o desactivar el flujo de agua. Esta caracter\u00edstica es conveniente y ayuda a la eficiencia del uso del agua.<\/li>\n<li><strong>Bater\u00eda Recargable de Litio:<\/strong> Utiliza una bater\u00eda recargable de litio, lo que la hace m\u00e1s sostenible y econ\u00f3mica a largo plazo.<\/li>\n<li><strong>Funci\u00f3n de Auto Apagado:<\/strong> La funci\u00f3n de auto apagado a los 3 minutos es una caracter\u00edstica de ahorro de energ\u00eda que contribuye a un uso m\u00e1s eficiente de la bater\u00eda.<\/li>\n<li><strong>Cuerpo de Lat\u00f3n:<\/strong> El cuerpo redondo de lat\u00f3n proporciona durabilidad y resistencia a la corrosi\u00f3n.<\/li>\n<li><strong>Dise\u00f1o Est\u00e9tico:<\/strong> Con un cuello alto y curvo, junto con el acabado de acero inoxidable, esta mezcladora tiene un dise\u00f1o est\u00e9tico y moderno.<\/li>\n<li><strong>Medidas Generales:<\/strong> Con dimensiones de 47 x 27 cm, es una mezcladora de tama\u00f1o adecuado para diversas instalaciones de cocina o ba\u00f1o.<\/li>\n<\/ul>\n","protected":false},"excerpt":{"rendered":"<p>Descripci\u00f3n: Sensor de Doble Funci\u00f3n: El cabezal ABS cuenta con un sensor de doble funci\u00f3n, lo que significa que puede detectar la presencia de las manos para activar o desactivar el flujo de agua. Esta caracter\u00edstica es conveniente y ayuda a la eficiencia del uso del agua. Bater\u00eda Recargable de Litio: Utiliza una bater\u00eda recargable [&hellip;]<\/p>\n","protected":false},"featured_media":12764,"template":"","meta":{"_joinchat":[]},"product_brand":[],"product_cat":[183,42],"product_tag":[70],"class_list":{"0":"post-5566","1":"product","2":"type-product","3":"status-publish","4":"has-post-thumbnail","6":"product_cat-mezcladoras","7":"product_cat-varios","8":"product_tag-kele","10":"first","11":"instock","12":"shipping-taxable","13":"product-type-simple"},"_links":{"self":[{"href":"https:\/\/eltiosam.com.mx\/index.php\/wp-json\/wp\/v2\/product\/5566","targetHints":{"allow":["GET"]}}],"collection":[{"href":"https:\/\/eltiosam.com.mx\/index.php\/wp-json\/wp\/v2\/product"}],"about":[{"href":"https:\/\/eltiosam.com.mx\/index.php\/wp-json\/wp\/v2\/types\/product"}],"wp:featuredmedia":[{"embeddable":true,"href":"https:\/\/eltiosam.com.mx\/index.php\/wp-json\/wp\/v2\/media\/12764"}],"wp:attachment":[{"href":"https:\/\/eltiosam.com.mx\/index.php\/wp-json\/wp\/v2\/media?parent=5566"}],"wp:term":[{"taxonomy":"product_brand","embeddable":true,"href":"https:\/\/eltiosam.com.mx\/index.php\/wp-json\/wp\/v2\/product_brand?post=5566"},{"taxonomy":"product_cat","embeddable":true,"href":"https:\/\/eltiosam.com.mx\/index.php\/wp-json\/wp\/v2\/product_cat?post=5566"},{"taxonomy":"product_tag","embeddable":true,"href":"https:\/\/eltiosam.com.mx\/index.php\/wp-json\/wp\/v2\/product_tag?post=5566"}],"curies":[{"name":"wp","href":"https:\/\/api.w.org\/{rel}","templated":true}]}}