{"id":5375,"date":"2023-11-16T03:04:09","date_gmt":"2023-11-16T03:04:09","guid":{"rendered":"http:\/\/eltiosam.com.mx\/?post_type=product&#038;p=5375"},"modified":"2024-02-08T04:52:32","modified_gmt":"2024-02-08T04:52:32","slug":"eclipse-ea63-ng-pvd-mezcladora","status":"publish","type":"product","link":"https:\/\/eltiosam.com.mx\/index.php\/product\/eclipse-ea63-ng-pvd-mezcladora\/","title":{"rendered":"ECLIPSE EA63 NG PVD MEZCLADORA"},"content":{"rendered":"<p><strong>Descripci\u00f3n<\/strong>: La mezcladora Eclipse EA63 NG PVD es una elecci\u00f3n duradera, funcional y est\u00e9ticamente atractiva para la cocina.<\/p>\n","protected":false},"excerpt":{"rendered":"<p>Descripci\u00f3n: La mezcladora Eclipse EA63 NG PVD es una elecci\u00f3n duradera, funcional y est\u00e9ticamente atractiva para la cocina.<\/p>\n","protected":false},"featured_media":5376,"template":"","meta":{"_joinchat":[]},"product_brand":[],"product_cat":[15],"product_tag":[48],"class_list":{"0":"post-5375","1":"product","2":"type-product","3":"status-publish","4":"has-post-thumbnail","6":"product_cat-uncategorized","7":"product_tag-eclipse","9":"first","10":"outofstock","11":"shipping-taxable","12":"purchasable","13":"product-type-simple"},"_links":{"self":[{"href":"https:\/\/eltiosam.com.mx\/index.php\/wp-json\/wp\/v2\/product\/5375","targetHints":{"allow":["GET"]}}],"collection":[{"href":"https:\/\/eltiosam.com.mx\/index.php\/wp-json\/wp\/v2\/product"}],"about":[{"href":"https:\/\/eltiosam.com.mx\/index.php\/wp-json\/wp\/v2\/types\/product"}],"wp:featuredmedia":[{"embeddable":true,"href":"https:\/\/eltiosam.com.mx\/index.php\/wp-json\/wp\/v2\/media\/5376"}],"wp:attachment":[{"href":"https:\/\/eltiosam.com.mx\/index.php\/wp-json\/wp\/v2\/media?parent=5375"}],"wp:term":[{"taxonomy":"product_brand","embeddable":true,"href":"https:\/\/eltiosam.com.mx\/index.php\/wp-json\/wp\/v2\/product_brand?post=5375"},{"taxonomy":"product_cat","embeddable":true,"href":"https:\/\/eltiosam.com.mx\/index.php\/wp-json\/wp\/v2\/product_cat?post=5375"},{"taxonomy":"product_tag","embeddable":true,"href":"https:\/\/eltiosam.com.mx\/index.php\/wp-json\/wp\/v2\/product_tag?post=5375"}],"curies":[{"name":"wp","href":"https:\/\/api.w.org\/{rel}","templated":true}]}}