{"id":4546,"date":"2023-11-15T21:59:32","date_gmt":"2023-11-15T21:59:32","guid":{"rendered":"http:\/\/eltiosam.com.mx\/index.php\/product\/triturador-in-sink-erator-66\/"},"modified":"2024-02-27T21:25:01","modified_gmt":"2024-02-27T21:25:01","slug":"triturador-in-sink-erator-66","status":"publish","type":"product","link":"https:\/\/eltiosam.com.mx\/index.php\/product\/triturador-in-sink-erator-66\/","title":{"rendered":"TRITURADOR IN SINK ERATOR 66"},"content":{"rendered":"<div class=\"flex-1 overflow-hidden\">\n<div class=\"react-scroll-to-bottom--css-itsfg-79elbk h-full\">\n<div class=\"react-scroll-to-bottom--css-itsfg-1n7m0yu\">\n<div class=\"flex flex-col pb-9 text-sm\">\n<div class=\"w-full text-token-text-primary\" data-testid=\"conversation-turn-149\">\n<div class=\"px-4 py-2 justify-center text-base md:gap-6 m-auto\">\n<div class=\"flex flex-1 text-base mx-auto gap-3 md:px-5 lg:px-1 xl:px-5 md:max-w-3xl lg:max-w-[40rem] xl:max-w-[48rem] group final-completion\">\n<div class=\"relative flex w-full flex-col lg:w-[calc(100%-115px)] agent-turn\">\n<div class=\"flex-col gap-1 md:gap-3\">\n<div class=\"flex flex-grow flex-col max-w-full\">\n<div class=\"min-h-[20px] text-message flex flex-col items-start gap-3 whitespace-pre-wrap break-words [.text-message+&amp;]:mt-5 overflow-x-auto\" data-message-author-role=\"assistant\" data-message-id=\"cdcaf383-95d3-4f2f-bb17-8331c08e72eb\">\n<div class=\"markdown prose w-full break-words dark:prose-invert light\">\n<p><strong>Descripci\u00f3n:<\/strong><\/p>\n<p>Este triturador InSinkErator 66 es una excelente adici\u00f3n a tu cocina, ofreciendo un rendimiento confiable y duradero. Su capacidad de trituraci\u00f3n, combinada con la resistencia de los materiales, lo convierten en una opci\u00f3n eficaz para facilitar la gesti\u00f3n de residuos de alimentos en tu hogar.<\/p>\n<\/div>\n<\/div>\n<\/div>\n<\/div>\n<\/div>\n<\/div>\n<\/div>\n<\/div>\n<\/div>\n<\/div>\n<\/div>\n<\/div>\n","protected":false},"excerpt":{"rendered":"<p>Descripci\u00f3n: Este triturador InSinkErator 66 es una excelente adici\u00f3n a tu cocina, ofreciendo un rendimiento confiable y duradero. Su capacidad de trituraci\u00f3n, combinada con la resistencia de los materiales, lo convierten en una opci\u00f3n eficaz para facilitar la gesti\u00f3n de residuos de alimentos en tu hogar.<\/p>\n","protected":false},"featured_media":5360,"template":"","meta":{"_joinchat":[]},"product_brand":[],"product_cat":[161,202,42],"product_tag":[130],"class_list":{"0":"post-4546","1":"product","2":"type-product","3":"status-publish","4":"has-post-thumbnail","6":"product_cat-best-selling-products","7":"product_cat-trituradores","8":"product_cat-varios","9":"product_tag-ink-sink-erator","11":"first","12":"outofstock","13":"shipping-taxable","14":"purchasable","15":"product-type-simple"},"_links":{"self":[{"href":"https:\/\/eltiosam.com.mx\/index.php\/wp-json\/wp\/v2\/product\/4546","targetHints":{"allow":["GET"]}}],"collection":[{"href":"https:\/\/eltiosam.com.mx\/index.php\/wp-json\/wp\/v2\/product"}],"about":[{"href":"https:\/\/eltiosam.com.mx\/index.php\/wp-json\/wp\/v2\/types\/product"}],"wp:featuredmedia":[{"embeddable":true,"href":"https:\/\/eltiosam.com.mx\/index.php\/wp-json\/wp\/v2\/media\/5360"}],"wp:attachment":[{"href":"https:\/\/eltiosam.com.mx\/index.php\/wp-json\/wp\/v2\/media?parent=4546"}],"wp:term":[{"taxonomy":"product_brand","embeddable":true,"href":"https:\/\/eltiosam.com.mx\/index.php\/wp-json\/wp\/v2\/product_brand?post=4546"},{"taxonomy":"product_cat","embeddable":true,"href":"https:\/\/eltiosam.com.mx\/index.php\/wp-json\/wp\/v2\/product_cat?post=4546"},{"taxonomy":"product_tag","embeddable":true,"href":"https:\/\/eltiosam.com.mx\/index.php\/wp-json\/wp\/v2\/product_tag?post=4546"}],"curies":[{"name":"wp","href":"https:\/\/api.w.org\/{rel}","templated":true}]}}