{"id":4530,"date":"2023-11-15T21:59:27","date_gmt":"2023-11-15T21:59:27","guid":{"rendered":"http:\/\/eltiosam.com.mx\/index.php\/product\/triturador-eclipse-stc-8100\/"},"modified":"2024-02-27T21:21:06","modified_gmt":"2024-02-27T21:21:06","slug":"triturador-eclipse-stc-8100","status":"publish","type":"product","link":"https:\/\/eltiosam.com.mx\/index.php\/product\/triturador-eclipse-stc-8100\/","title":{"rendered":"TRITURADOR ECLIPSE STC 8100"},"content":{"rendered":"<p><strong>Descripci\u00f3n:<\/strong><\/p>\n<p>La trituradora que est\u00e1s describiendo parece ser una unidad potente y eficiente con caracter\u00edsticas avanzadas.\u00a0Esta trituradora parece ser una opci\u00f3n s\u00f3lida para aquellos que buscan una unidad potente y duradera, con la capacidad de manejar las necesidades de una familia numerosa. Adem\u00e1s, la atenci\u00f3n a la reducci\u00f3n de ruido y la garant\u00eda extensa son aspectos beneficiosos para los usuarios.<\/p>\n","protected":false},"excerpt":{"rendered":"<p>Descripci\u00f3n: La trituradora que est\u00e1s describiendo parece ser una unidad potente y eficiente con caracter\u00edsticas avanzadas.\u00a0Esta trituradora parece ser una opci\u00f3n s\u00f3lida para aquellos que buscan una unidad potente y duradera, con la capacidad de manejar las necesidades de una familia numerosa. Adem\u00e1s, la atenci\u00f3n a la reducci\u00f3n de ruido y la garant\u00eda extensa son [&hellip;]<\/p>\n","protected":false},"featured_media":5352,"template":"","meta":{"_joinchat":[]},"product_brand":[],"product_cat":[161,202,42],"product_tag":[48],"class_list":{"0":"post-4530","1":"product","2":"type-product","3":"status-publish","4":"has-post-thumbnail","6":"product_cat-best-selling-products","7":"product_cat-trituradores","8":"product_cat-varios","9":"product_tag-eclipse","11":"first","12":"outofstock","13":"shipping-taxable","14":"purchasable","15":"product-type-simple"},"_links":{"self":[{"href":"https:\/\/eltiosam.com.mx\/index.php\/wp-json\/wp\/v2\/product\/4530","targetHints":{"allow":["GET"]}}],"collection":[{"href":"https:\/\/eltiosam.com.mx\/index.php\/wp-json\/wp\/v2\/product"}],"about":[{"href":"https:\/\/eltiosam.com.mx\/index.php\/wp-json\/wp\/v2\/types\/product"}],"wp:featuredmedia":[{"embeddable":true,"href":"https:\/\/eltiosam.com.mx\/index.php\/wp-json\/wp\/v2\/media\/5352"}],"wp:attachment":[{"href":"https:\/\/eltiosam.com.mx\/index.php\/wp-json\/wp\/v2\/media?parent=4530"}],"wp:term":[{"taxonomy":"product_brand","embeddable":true,"href":"https:\/\/eltiosam.com.mx\/index.php\/wp-json\/wp\/v2\/product_brand?post=4530"},{"taxonomy":"product_cat","embeddable":true,"href":"https:\/\/eltiosam.com.mx\/index.php\/wp-json\/wp\/v2\/product_cat?post=4530"},{"taxonomy":"product_tag","embeddable":true,"href":"https:\/\/eltiosam.com.mx\/index.php\/wp-json\/wp\/v2\/product_tag?post=4530"}],"curies":[{"name":"wp","href":"https:\/\/api.w.org\/{rel}","templated":true}]}}