{"id":4497,"date":"2023-11-15T21:59:14","date_gmt":"2023-11-15T21:59:14","guid":{"rendered":"http:\/\/eltiosam.com.mx\/index.php\/product\/tarjas-teka-be-2c-785-tu-30-18-r\/"},"modified":"2024-02-27T20:25:59","modified_gmt":"2024-02-27T20:25:59","slug":"tarjas-teka-be-2c-785-tu-30-18-r","status":"publish","type":"product","link":"https:\/\/eltiosam.com.mx\/index.php\/product\/tarjas-teka-be-2c-785-tu-30-18-r\/","title":{"rendered":"TARJAS TEKA BE 2C 785 (TU 30.18 R)"},"content":{"rendered":"<p><strong>Descripci\u00f3n:<\/strong><\/p>\n<ul>\n<li>Los fregaderos de la serie Tekaway cuentan con garant\u00eda de por vida y tecnolog\u00eda Silent Smart, que reduce el ruido del agua y el rebote de los utensilios.<\/li>\n<\/ul>\n<p>Esta tarja proporciona una soluci\u00f3n completa con opciones de grifo, dise\u00f1o flexible y la durabilidad del acero inoxidable. Con su tama\u00f1o y caracter\u00edsticas, es adecuada para diversas tareas en la cocina.<\/p>\n","protected":false},"excerpt":{"rendered":"<p>Descripci\u00f3n: Los fregaderos de la serie Tekaway cuentan con garant\u00eda de por vida y tecnolog\u00eda Silent Smart, que reduce el ruido del agua y el rebote de los utensilios. Esta tarja proporciona una soluci\u00f3n completa con opciones de grifo, dise\u00f1o flexible y la durabilidad del acero inoxidable. Con su tama\u00f1o y caracter\u00edsticas, es adecuada para [&hellip;]<\/p>\n","protected":false},"featured_media":5341,"template":"","meta":{"_joinchat":[]},"product_brand":[],"product_cat":[161,47,201,42],"product_tag":[106],"class_list":{"0":"post-4497","1":"product","2":"type-product","3":"status-publish","4":"has-post-thumbnail","6":"product_cat-best-selling-products","7":"product_cat-tarjas","8":"product_cat-tarjas-de-submontar","9":"product_cat-varios","10":"product_tag-teka","12":"first","13":"outofstock","14":"shipping-taxable","15":"purchasable","16":"product-type-simple"},"_links":{"self":[{"href":"https:\/\/eltiosam.com.mx\/index.php\/wp-json\/wp\/v2\/product\/4497","targetHints":{"allow":["GET"]}}],"collection":[{"href":"https:\/\/eltiosam.com.mx\/index.php\/wp-json\/wp\/v2\/product"}],"about":[{"href":"https:\/\/eltiosam.com.mx\/index.php\/wp-json\/wp\/v2\/types\/product"}],"wp:featuredmedia":[{"embeddable":true,"href":"https:\/\/eltiosam.com.mx\/index.php\/wp-json\/wp\/v2\/media\/5341"}],"wp:attachment":[{"href":"https:\/\/eltiosam.com.mx\/index.php\/wp-json\/wp\/v2\/media?parent=4497"}],"wp:term":[{"taxonomy":"product_brand","embeddable":true,"href":"https:\/\/eltiosam.com.mx\/index.php\/wp-json\/wp\/v2\/product_brand?post=4497"},{"taxonomy":"product_cat","embeddable":true,"href":"https:\/\/eltiosam.com.mx\/index.php\/wp-json\/wp\/v2\/product_cat?post=4497"},{"taxonomy":"product_tag","embeddable":true,"href":"https:\/\/eltiosam.com.mx\/index.php\/wp-json\/wp\/v2\/product_tag?post=4497"}],"curies":[{"name":"wp","href":"https:\/\/api.w.org\/{rel}","templated":true}]}}