{"id":4464,"date":"2023-11-15T21:59:04","date_gmt":"2023-11-15T21:59:04","guid":{"rendered":"http:\/\/eltiosam.com.mx\/index.php\/product\/tarja-teka-square-760-tg-w\/"},"modified":"2024-02-27T19:59:11","modified_gmt":"2024-02-27T19:59:11","slug":"tarja-teka-square-760-tg-w","status":"publish","type":"product","link":"https:\/\/eltiosam.com.mx\/index.php\/product\/tarja-teka-square-760-tg-w\/","title":{"rendered":"TARJA TEKA SQUARE 760 TG W"},"content":{"rendered":"<p><strong>Descripci\u00f3n:<\/strong><\/p>\n<ul>\n<li>Fregadero Tegranite+ en color blanco de dos cubetas<\/li>\n<li>80% cuarzo<\/li>\n<li>Superficie de alta resistencia a impactos, choques t\u00e9rmicos y altas temperaturas<\/li>\n<li>Resistente a la decoloraci\u00f3n<\/li>\n<li>Acabado no poroso muy f\u00e1cil de limpiar que impide la proliferaci\u00f3n de bacterias<\/li>\n<li>Desag\u00fce con v\u00e1lvula canasta 3\u00bd\u201d y sif\u00f3n<\/li>\n<li>Profundidad de las cubetas 200 mm<\/li>\n<li>Mueble de &gt;80 cm<\/li>\n<\/ul>\n<p>&nbsp;<\/p>\n","protected":false},"excerpt":{"rendered":"<p>Descripci\u00f3n: Fregadero Tegranite+ en color blanco de dos cubetas 80% cuarzo Superficie de alta resistencia a impactos, choques t\u00e9rmicos y altas temperaturas Resistente a la decoloraci\u00f3n Acabado no poroso muy f\u00e1cil de limpiar que impide la proliferaci\u00f3n de bacterias Desag\u00fce con v\u00e1lvula canasta 3\u00bd\u201d y sif\u00f3n Profundidad de las cubetas 200 mm Mueble de &gt;80 [&hellip;]<\/p>\n","protected":false},"featured_media":5330,"template":"","meta":{"_joinchat":[]},"product_brand":[],"product_cat":[161,47,201,42],"product_tag":[106],"class_list":{"0":"post-4464","1":"product","2":"type-product","3":"status-publish","4":"has-post-thumbnail","6":"product_cat-best-selling-products","7":"product_cat-tarjas","8":"product_cat-tarjas-de-submontar","9":"product_cat-varios","10":"product_tag-teka","12":"first","13":"outofstock","14":"shipping-taxable","15":"purchasable","16":"product-type-simple"},"_links":{"self":[{"href":"https:\/\/eltiosam.com.mx\/index.php\/wp-json\/wp\/v2\/product\/4464","targetHints":{"allow":["GET"]}}],"collection":[{"href":"https:\/\/eltiosam.com.mx\/index.php\/wp-json\/wp\/v2\/product"}],"about":[{"href":"https:\/\/eltiosam.com.mx\/index.php\/wp-json\/wp\/v2\/types\/product"}],"wp:featuredmedia":[{"embeddable":true,"href":"https:\/\/eltiosam.com.mx\/index.php\/wp-json\/wp\/v2\/media\/5330"}],"wp:attachment":[{"href":"https:\/\/eltiosam.com.mx\/index.php\/wp-json\/wp\/v2\/media?parent=4464"}],"wp:term":[{"taxonomy":"product_brand","embeddable":true,"href":"https:\/\/eltiosam.com.mx\/index.php\/wp-json\/wp\/v2\/product_brand?post=4464"},{"taxonomy":"product_cat","embeddable":true,"href":"https:\/\/eltiosam.com.mx\/index.php\/wp-json\/wp\/v2\/product_cat?post=4464"},{"taxonomy":"product_tag","embeddable":true,"href":"https:\/\/eltiosam.com.mx\/index.php\/wp-json\/wp\/v2\/product_tag?post=4464"}],"curies":[{"name":"wp","href":"https:\/\/api.w.org\/{rel}","templated":true}]}}