{"id":4462,"date":"2023-11-15T21:59:03","date_gmt":"2023-11-15T21:59:03","guid":{"rendered":"http:\/\/eltiosam.com.mx\/index.php\/product\/tarja-teka-square-760-tg-sg\/"},"modified":"2024-02-27T19:59:39","modified_gmt":"2024-02-27T19:59:39","slug":"tarja-teka-square-760-tg-sg","status":"publish","type":"product","link":"https:\/\/eltiosam.com.mx\/index.php\/product\/tarja-teka-square-760-tg-sg\/","title":{"rendered":"TARJA TEKA SQUARE 760 TG SG"},"content":{"rendered":"<h3>Descripci\u00f3n:<\/h3>\n<p>Esta tarja combina elegancia y resistencia, con las ventajas del material Tegranite+, proporcionando durabilidad y f\u00e1cil mantenimiento. Su color StoneGray a\u00f1ade un toque moderno y sofisticado a tu cocina.<\/p>\n","protected":false},"excerpt":{"rendered":"<p>Descripci\u00f3n: Esta tarja combina elegancia y resistencia, con las ventajas del material Tegranite+, proporcionando durabilidad y f\u00e1cil mantenimiento. Su color StoneGray a\u00f1ade un toque moderno y sofisticado a tu cocina.<\/p>\n","protected":false},"featured_media":5329,"template":"","meta":{"_joinchat":[]},"product_brand":[],"product_cat":[161,47,201,42],"product_tag":[106],"class_list":{"0":"post-4462","1":"product","2":"type-product","3":"status-publish","4":"has-post-thumbnail","6":"product_cat-best-selling-products","7":"product_cat-tarjas","8":"product_cat-tarjas-de-submontar","9":"product_cat-varios","10":"product_tag-teka","12":"first","13":"outofstock","14":"shipping-taxable","15":"purchasable","16":"product-type-simple"},"_links":{"self":[{"href":"https:\/\/eltiosam.com.mx\/index.php\/wp-json\/wp\/v2\/product\/4462","targetHints":{"allow":["GET"]}}],"collection":[{"href":"https:\/\/eltiosam.com.mx\/index.php\/wp-json\/wp\/v2\/product"}],"about":[{"href":"https:\/\/eltiosam.com.mx\/index.php\/wp-json\/wp\/v2\/types\/product"}],"wp:featuredmedia":[{"embeddable":true,"href":"https:\/\/eltiosam.com.mx\/index.php\/wp-json\/wp\/v2\/media\/5329"}],"wp:attachment":[{"href":"https:\/\/eltiosam.com.mx\/index.php\/wp-json\/wp\/v2\/media?parent=4462"}],"wp:term":[{"taxonomy":"product_brand","embeddable":true,"href":"https:\/\/eltiosam.com.mx\/index.php\/wp-json\/wp\/v2\/product_brand?post=4462"},{"taxonomy":"product_cat","embeddable":true,"href":"https:\/\/eltiosam.com.mx\/index.php\/wp-json\/wp\/v2\/product_cat?post=4462"},{"taxonomy":"product_tag","embeddable":true,"href":"https:\/\/eltiosam.com.mx\/index.php\/wp-json\/wp\/v2\/product_tag?post=4462"}],"curies":[{"name":"wp","href":"https:\/\/api.w.org\/{rel}","templated":true}]}}