{"id":4459,"date":"2023-11-15T21:59:02","date_gmt":"2023-11-15T21:59:02","guid":{"rendered":"http:\/\/eltiosam.com.mx\/index.php\/product\/tarja-teka-square-760-tg-b\/"},"modified":"2024-02-27T20:00:20","modified_gmt":"2024-02-27T20:00:20","slug":"tarja-teka-square-760-tg-b","status":"publish","type":"product","link":"https:\/\/eltiosam.com.mx\/index.php\/product\/tarja-teka-square-760-tg-b\/","title":{"rendered":"TARJA TEKA SQUARE 760 TG B"},"content":{"rendered":"<div class=\"flex-1 overflow-hidden\">\n<div class=\"react-scroll-to-bottom--css-efwzc-79elbk h-full\">\n<div class=\"react-scroll-to-bottom--css-efwzc-1n7m0yu\">\n<div class=\"flex flex-col pb-9 text-sm\">\n<div class=\"w-full text-token-text-primary\" data-testid=\"conversation-turn-47\">\n<div class=\"px-4 py-2 justify-center text-base md:gap-6 m-auto\">\n<div class=\"flex flex-1 text-base mx-auto gap-3 md:px-5 lg:px-1 xl:px-5 md:max-w-3xl lg:max-w-[40rem] xl:max-w-[48rem] group final-completion\">\n<div class=\"relative flex w-full flex-col lg:w-[calc(100%-115px)] agent-turn\">\n<div class=\"flex-col gap-1 md:gap-3\">\n<div class=\"flex flex-grow flex-col max-w-full\">\n<div class=\"min-h-[20px] text-message flex flex-col items-start gap-3 whitespace-pre-wrap break-words [.text-message+&amp;]:mt-5 overflow-x-auto\" data-message-author-role=\"assistant\" data-message-id=\"1dc4c49e-be43-4f90-a8b6-303335804ee0\">\n<div class=\"markdown prose w-full break-words dark:prose-invert light\">\n<p><strong>Descripci\u00f3n:<\/strong><\/p>\n<p>Los fregaderos de la serie Tekaway, Dual Mount, Submontar, de Empotre y Serie Teka, cuentan con garant\u00eda de por vida, fabricados con los mayores est\u00e1ndares de calidad y ofreciendo dise\u00f1os exclusivos para el tipo de tarja que est\u00e1s buscando, con tecnolog\u00eda Silent Smart (con almohadillas de amortiguaci\u00f3n de sonido) capaces de reducir el ruido del agua cuando gotea en el fregadero as\u00ed como el rebote de los trastes.<\/p>\n<p>Los fregaderos Tegranite de Teka est\u00e1n fabricados con un 80% de cuarzo no poroso, combinado con unas resinas acr\u00edlicas, lo que crea una superficie muy resistente a choques t\u00e9rmicos y a la suciedad.<\/p>\n<\/div>\n<\/div>\n<\/div>\n<div class=\"mt-1 flex justify-start gap-3 empty:hidden\"><\/div>\n<\/div>\n<\/div>\n<\/div>\n<\/div>\n<\/div>\n<\/div>\n<\/div>\n<\/div>\n<\/div>\n","protected":false},"excerpt":{"rendered":"<p>Descripci\u00f3n: Los fregaderos de la serie Tekaway, Dual Mount, Submontar, de Empotre y Serie Teka, cuentan con garant\u00eda de por vida, fabricados con los mayores est\u00e1ndares de calidad y ofreciendo dise\u00f1os exclusivos para el tipo de tarja que est\u00e1s buscando, con tecnolog\u00eda Silent Smart (con almohadillas de amortiguaci\u00f3n de sonido) capaces de reducir el ruido [&hellip;]<\/p>\n","protected":false},"featured_media":5327,"template":"","meta":{"_joinchat":[]},"product_brand":[],"product_cat":[161,47,201,42],"product_tag":[106],"class_list":{"0":"post-4459","1":"product","2":"type-product","3":"status-publish","4":"has-post-thumbnail","6":"product_cat-best-selling-products","7":"product_cat-tarjas","8":"product_cat-tarjas-de-submontar","9":"product_cat-varios","10":"product_tag-teka","12":"first","13":"outofstock","14":"shipping-taxable","15":"purchasable","16":"product-type-simple"},"_links":{"self":[{"href":"https:\/\/eltiosam.com.mx\/index.php\/wp-json\/wp\/v2\/product\/4459","targetHints":{"allow":["GET"]}}],"collection":[{"href":"https:\/\/eltiosam.com.mx\/index.php\/wp-json\/wp\/v2\/product"}],"about":[{"href":"https:\/\/eltiosam.com.mx\/index.php\/wp-json\/wp\/v2\/types\/product"}],"wp:featuredmedia":[{"embeddable":true,"href":"https:\/\/eltiosam.com.mx\/index.php\/wp-json\/wp\/v2\/media\/5327"}],"wp:attachment":[{"href":"https:\/\/eltiosam.com.mx\/index.php\/wp-json\/wp\/v2\/media?parent=4459"}],"wp:term":[{"taxonomy":"product_brand","embeddable":true,"href":"https:\/\/eltiosam.com.mx\/index.php\/wp-json\/wp\/v2\/product_brand?post=4459"},{"taxonomy":"product_cat","embeddable":true,"href":"https:\/\/eltiosam.com.mx\/index.php\/wp-json\/wp\/v2\/product_cat?post=4459"},{"taxonomy":"product_tag","embeddable":true,"href":"https:\/\/eltiosam.com.mx\/index.php\/wp-json\/wp\/v2\/product_tag?post=4459"}],"curies":[{"name":"wp","href":"https:\/\/api.w.org\/{rel}","templated":true}]}}