{"id":4447,"date":"2023-11-15T21:58:57","date_gmt":"2023-11-15T21:58:57","guid":{"rendered":"http:\/\/eltiosam.com.mx\/index.php\/product\/tarja-teka-square-72-40-tg-b\/"},"modified":"2024-02-27T19:56:00","modified_gmt":"2024-02-27T19:56:00","slug":"tarja-teka-square-72-40-tg-b","status":"publish","type":"product","link":"https:\/\/eltiosam.com.mx\/index.php\/product\/tarja-teka-square-72-40-tg-b\/","title":{"rendered":"TARJA TEKA SQUARE 72.40 TG B"},"content":{"rendered":"<h3>Descripci\u00f3n:<\/h3>\n<ul>\n<li><strong>Modelo:<\/strong> SQUARE 72.40 TG B<\/li>\n<li><strong>Material:<\/strong> Tegranite+ (80% cuarzo)<\/li>\n<li><strong>Color:<\/strong> Negro resistente a decoloraci\u00f3n<\/li>\n<li><strong>Acabado:<\/strong> No poroso, f\u00e1cil de limpiar, evita proliferaci\u00f3n de bacterias<\/li>\n<li><strong>Resistencia:<\/strong>\n<ul>\n<li>Alta resistencia a impactos<\/li>\n<li>Choques t\u00e9rmicos<\/li>\n<li>Altas temperaturas<\/li>\n<\/ul>\n<\/li>\n<li><strong>Instalaci\u00f3n:<\/strong> Submontar<\/li>\n<li><strong>Ancho de la base:<\/strong> Mayor a 80 cm<\/li>\n<li><strong>Desag\u00fce:<\/strong> 3 \u00bd\u2019\u2019<\/li>\n<\/ul>\n","protected":false},"excerpt":{"rendered":"<p>Descripci\u00f3n: Modelo: SQUARE 72.40 TG B Material: Tegranite+ (80% cuarzo) Color: Negro resistente a decoloraci\u00f3n Acabado: No poroso, f\u00e1cil de limpiar, evita proliferaci\u00f3n de bacterias Resistencia: Alta resistencia a impactos Choques t\u00e9rmicos Altas temperaturas Instalaci\u00f3n: Submontar Ancho de la base: Mayor a 80 cm Desag\u00fce: 3 \u00bd\u2019\u2019<\/p>\n","protected":false},"featured_media":5322,"template":"","meta":{"_joinchat":[]},"product_brand":[],"product_cat":[161,47,201,42],"product_tag":[106],"class_list":{"0":"post-4447","1":"product","2":"type-product","3":"status-publish","4":"has-post-thumbnail","6":"product_cat-best-selling-products","7":"product_cat-tarjas","8":"product_cat-tarjas-de-submontar","9":"product_cat-varios","10":"product_tag-teka","12":"first","13":"outofstock","14":"shipping-taxable","15":"purchasable","16":"product-type-simple"},"_links":{"self":[{"href":"https:\/\/eltiosam.com.mx\/index.php\/wp-json\/wp\/v2\/product\/4447","targetHints":{"allow":["GET"]}}],"collection":[{"href":"https:\/\/eltiosam.com.mx\/index.php\/wp-json\/wp\/v2\/product"}],"about":[{"href":"https:\/\/eltiosam.com.mx\/index.php\/wp-json\/wp\/v2\/types\/product"}],"wp:featuredmedia":[{"embeddable":true,"href":"https:\/\/eltiosam.com.mx\/index.php\/wp-json\/wp\/v2\/media\/5322"}],"wp:attachment":[{"href":"https:\/\/eltiosam.com.mx\/index.php\/wp-json\/wp\/v2\/media?parent=4447"}],"wp:term":[{"taxonomy":"product_brand","embeddable":true,"href":"https:\/\/eltiosam.com.mx\/index.php\/wp-json\/wp\/v2\/product_brand?post=4447"},{"taxonomy":"product_cat","embeddable":true,"href":"https:\/\/eltiosam.com.mx\/index.php\/wp-json\/wp\/v2\/product_cat?post=4447"},{"taxonomy":"product_tag","embeddable":true,"href":"https:\/\/eltiosam.com.mx\/index.php\/wp-json\/wp\/v2\/product_tag?post=4447"}],"curies":[{"name":"wp","href":"https:\/\/api.w.org\/{rel}","templated":true}]}}