{"id":4442,"date":"2023-11-15T21:58:55","date_gmt":"2023-11-15T21:58:55","guid":{"rendered":"http:\/\/eltiosam.com.mx\/index.php\/product\/tarja-teka-square-50-40-tg-b\/"},"modified":"2024-02-27T19:48:46","modified_gmt":"2024-02-27T19:48:46","slug":"tarja-teka-square-50-40-tg-b","status":"publish","type":"product","link":"https:\/\/eltiosam.com.mx\/index.php\/product\/tarja-teka-square-50-40-tg-b\/","title":{"rendered":"TARJA TEKA SQUARE 50.40 TG B"},"content":{"rendered":"<h3>Descripci\u00f3n:<\/h3>\n<p>Los fregaderos de la serie Tekaway de Teka ofrecen garant\u00eda de por vida y est\u00e1n fabricados con los mayores est\u00e1ndares de calidad. La tecnolog\u00eda Silent Smart, con almohadillas de amortiguaci\u00f3n de sonido, reduce el ruido del agua cuando gotea en el fregadero y el rebote de los utensilios.<\/p>\n<p>Los fregaderos Tegranite de Teka est\u00e1n compuestos por un 80% de cuarzo no poroso y resinas acr\u00edlicas, creando una superficie resistente a choques t\u00e9rmicos y suciedad.<\/p>\n<p>&nbsp;<\/p>\n","protected":false},"excerpt":{"rendered":"<p>Descripci\u00f3n: Los fregaderos de la serie Tekaway de Teka ofrecen garant\u00eda de por vida y est\u00e1n fabricados con los mayores est\u00e1ndares de calidad. La tecnolog\u00eda Silent Smart, con almohadillas de amortiguaci\u00f3n de sonido, reduce el ruido del agua cuando gotea en el fregadero y el rebote de los utensilios. Los fregaderos Tegranite de Teka est\u00e1n [&hellip;]<\/p>\n","protected":false},"featured_media":5318,"template":"","meta":{"_joinchat":[]},"product_brand":[],"product_cat":[161,47,201,42],"product_tag":[106],"class_list":{"0":"post-4442","1":"product","2":"type-product","3":"status-publish","4":"has-post-thumbnail","6":"product_cat-best-selling-products","7":"product_cat-tarjas","8":"product_cat-tarjas-de-submontar","9":"product_cat-varios","10":"product_tag-teka","12":"first","13":"outofstock","14":"shipping-taxable","15":"purchasable","16":"product-type-simple"},"_links":{"self":[{"href":"https:\/\/eltiosam.com.mx\/index.php\/wp-json\/wp\/v2\/product\/4442","targetHints":{"allow":["GET"]}}],"collection":[{"href":"https:\/\/eltiosam.com.mx\/index.php\/wp-json\/wp\/v2\/product"}],"about":[{"href":"https:\/\/eltiosam.com.mx\/index.php\/wp-json\/wp\/v2\/types\/product"}],"wp:featuredmedia":[{"embeddable":true,"href":"https:\/\/eltiosam.com.mx\/index.php\/wp-json\/wp\/v2\/media\/5318"}],"wp:attachment":[{"href":"https:\/\/eltiosam.com.mx\/index.php\/wp-json\/wp\/v2\/media?parent=4442"}],"wp:term":[{"taxonomy":"product_brand","embeddable":true,"href":"https:\/\/eltiosam.com.mx\/index.php\/wp-json\/wp\/v2\/product_brand?post=4442"},{"taxonomy":"product_cat","embeddable":true,"href":"https:\/\/eltiosam.com.mx\/index.php\/wp-json\/wp\/v2\/product_cat?post=4442"},{"taxonomy":"product_tag","embeddable":true,"href":"https:\/\/eltiosam.com.mx\/index.php\/wp-json\/wp\/v2\/product_tag?post=4442"}],"curies":[{"name":"wp","href":"https:\/\/api.w.org\/{rel}","templated":true}]}}