{"id":4427,"date":"2023-11-15T21:58:50","date_gmt":"2023-11-15T21:58:50","guid":{"rendered":"http:\/\/eltiosam.com.mx\/index.php\/product\/tarja-teka-centroval-1c\/"},"modified":"2024-02-27T19:36:23","modified_gmt":"2024-02-27T19:36:23","slug":"tarja-teka-centroval-1c","status":"publish","type":"product","link":"https:\/\/eltiosam.com.mx\/index.php\/product\/tarja-teka-centroval-1c\/","title":{"rendered":"TARJA TEKA CENTROVAL 1C"},"content":{"rendered":"<h3>Descripci\u00f3n:<\/h3>\n<p>Sus ca\u00f1os giratorios extra\u00edbles se adaptan a diferentes alturas y posiciones para limpiar utensilios de gran tama\u00f1o y o facilitar el llenado de agua de grandes recipientes.<\/p>\n<p>Sus acabados en acero inoxidable facilitan la limpieza con tan solo pasar una bayeta.<\/p>\n<ul>\n<li>Material: Acero inoxidable<\/li>\n<li>Acabado: Pulido<\/li>\n<li>Instalaci\u00f3n: Empotrar<\/li>\n<li>Ancho de la base: &gt; 45 cm<\/li>\n<li>Desag\u00fce: 3 \u00bd\u2019\u2019<\/li>\n<li>1 Agujero para grifer\u00eda<\/li>\n<li>Calibre: 20<\/li>\n<li>Peso: 2.1 kg<\/li>\n<\/ul>\n","protected":false},"excerpt":{"rendered":"<p>Descripci\u00f3n: Sus ca\u00f1os giratorios extra\u00edbles se adaptan a diferentes alturas y posiciones para limpiar utensilios de gran tama\u00f1o y o facilitar el llenado de agua de grandes recipientes. Sus acabados en acero inoxidable facilitan la limpieza con tan solo pasar una bayeta. Material: Acero inoxidable Acabado: Pulido Instalaci\u00f3n: Empotrar Ancho de la base: &gt; 45 [&hellip;]<\/p>\n","protected":false},"featured_media":5315,"template":"","meta":{"_joinchat":[]},"product_brand":[],"product_cat":[161,47,200,42],"product_tag":[106],"class_list":{"0":"post-4427","1":"product","2":"type-product","3":"status-publish","4":"has-post-thumbnail","6":"product_cat-best-selling-products","7":"product_cat-tarjas","8":"product_cat-tarjas-de-sobreponer","9":"product_cat-varios","10":"product_tag-teka","12":"first","13":"outofstock","14":"shipping-taxable","15":"purchasable","16":"product-type-simple"},"_links":{"self":[{"href":"https:\/\/eltiosam.com.mx\/index.php\/wp-json\/wp\/v2\/product\/4427","targetHints":{"allow":["GET"]}}],"collection":[{"href":"https:\/\/eltiosam.com.mx\/index.php\/wp-json\/wp\/v2\/product"}],"about":[{"href":"https:\/\/eltiosam.com.mx\/index.php\/wp-json\/wp\/v2\/types\/product"}],"wp:featuredmedia":[{"embeddable":true,"href":"https:\/\/eltiosam.com.mx\/index.php\/wp-json\/wp\/v2\/media\/5315"}],"wp:attachment":[{"href":"https:\/\/eltiosam.com.mx\/index.php\/wp-json\/wp\/v2\/media?parent=4427"}],"wp:term":[{"taxonomy":"product_brand","embeddable":true,"href":"https:\/\/eltiosam.com.mx\/index.php\/wp-json\/wp\/v2\/product_brand?post=4427"},{"taxonomy":"product_cat","embeddable":true,"href":"https:\/\/eltiosam.com.mx\/index.php\/wp-json\/wp\/v2\/product_cat?post=4427"},{"taxonomy":"product_tag","embeddable":true,"href":"https:\/\/eltiosam.com.mx\/index.php\/wp-json\/wp\/v2\/product_tag?post=4427"}],"curies":[{"name":"wp","href":"https:\/\/api.w.org\/{rel}","templated":true}]}}