{"id":4408,"date":"2023-11-15T21:58:45","date_gmt":"2023-11-15T21:58:45","guid":{"rendered":"http:\/\/eltiosam.com.mx\/index.php\/product\/tarja-teka-be-linea-rs15-2c-860\/"},"modified":"2024-02-27T19:31:43","modified_gmt":"2024-02-27T19:31:43","slug":"tarja-teka-be-linea-rs15-2c-860","status":"publish","type":"product","link":"https:\/\/eltiosam.com.mx\/index.php\/product\/tarja-teka-be-linea-rs15-2c-860\/","title":{"rendered":"TARJA TEKA BE LINEA RS15 2C 860"},"content":{"rendered":"<h3>Descripci\u00f3n:<\/h3>\n<p>La Tarja Teka BE LINEA R15 2C 860 no solo brinda durabilidad y calidad, sino que tambi\u00e9n agrega un toque elegante y est\u00e9tico a tu cocina. La inclusi\u00f3n de contracanastas y accesorios la hace a\u00fan m\u00e1s funcional y conveniente para tus necesidades diarias en la cocina.<\/p>\n","protected":false},"excerpt":{"rendered":"<p>Descripci\u00f3n: La Tarja Teka BE LINEA R15 2C 860 no solo brinda durabilidad y calidad, sino que tambi\u00e9n agrega un toque elegante y est\u00e9tico a tu cocina. La inclusi\u00f3n de contracanastas y accesorios la hace a\u00fan m\u00e1s funcional y conveniente para tus necesidades diarias en la cocina.<\/p>\n","protected":false},"featured_media":5309,"template":"","meta":{"_joinchat":[]},"product_brand":[],"product_cat":[161,47,201,42],"product_tag":[106],"class_list":{"0":"post-4408","1":"product","2":"type-product","3":"status-publish","4":"has-post-thumbnail","6":"product_cat-best-selling-products","7":"product_cat-tarjas","8":"product_cat-tarjas-de-submontar","9":"product_cat-varios","10":"product_tag-teka","12":"first","13":"outofstock","14":"shipping-taxable","15":"purchasable","16":"product-type-simple"},"_links":{"self":[{"href":"https:\/\/eltiosam.com.mx\/index.php\/wp-json\/wp\/v2\/product\/4408","targetHints":{"allow":["GET"]}}],"collection":[{"href":"https:\/\/eltiosam.com.mx\/index.php\/wp-json\/wp\/v2\/product"}],"about":[{"href":"https:\/\/eltiosam.com.mx\/index.php\/wp-json\/wp\/v2\/types\/product"}],"wp:featuredmedia":[{"embeddable":true,"href":"https:\/\/eltiosam.com.mx\/index.php\/wp-json\/wp\/v2\/media\/5309"}],"wp:attachment":[{"href":"https:\/\/eltiosam.com.mx\/index.php\/wp-json\/wp\/v2\/media?parent=4408"}],"wp:term":[{"taxonomy":"product_brand","embeddable":true,"href":"https:\/\/eltiosam.com.mx\/index.php\/wp-json\/wp\/v2\/product_brand?post=4408"},{"taxonomy":"product_cat","embeddable":true,"href":"https:\/\/eltiosam.com.mx\/index.php\/wp-json\/wp\/v2\/product_cat?post=4408"},{"taxonomy":"product_tag","embeddable":true,"href":"https:\/\/eltiosam.com.mx\/index.php\/wp-json\/wp\/v2\/product_tag?post=4408"}],"curies":[{"name":"wp","href":"https:\/\/api.w.org\/{rel}","templated":true}]}}